{"id":131,"date":"2024-01-31T15:24:43","date_gmt":"2024-01-31T15:24:43","guid":{"rendered":"https:\/\/bezpieczenstwo-nm.us.edu.pl\/?page_id=131"},"modified":"2024-01-31T16:31:42","modified_gmt":"2024-01-31T16:31:42","slug":"rok-akademicki-2017-2018","status":"publish","type":"page","link":"https:\/\/bezpieczenstwo-nm.us.edu.pl\/?page_id=131","title":{"rendered":"Rok akademicki 2017\/2018"},"content":{"rendered":"\n<p><strong>W roku akademickim 2017\/2018:<\/strong><\/p>\n\n\n\n<ul class=\"wp-block-list\">\n<li><strong>22 listopada 2017 roku studenci I roku studi\u00f3w magisterskich uzupe\u0142niaj\u0105cych z\u0142o\u017cyli wizyt\u0119 w Szkole Policji w Katowicach \u2013 miejscu, w kt\u00f3rym szkoleni s\u0105 kandydaci do s\u0142u\u017cby w szeregach Policji w ramach kurs\u00f3w zawodowych podstawowych, za\u015b w ramach kurs\u00f3w specjalistycznych swoje umiej\u0119tno\u015bci doskonal\u0105 czynni funkcjonariusze<\/strong><\/li>\n<\/ul>\n\n\n\n<ul class=\"wp-block-list\">\n<li><strong>7 grudnia 2017 roku studenci I roku studi\u00f3w I stopnia uczestniczyli w warsztatach pt. \u201eReagowanie w sytuacjach kryzysowych\u201d<\/strong>, kt\u00f3re przeprowadzi\u0142 kom. Marek Jagodzi\u0144ski (emerytowany Naczelnik Wydzia\u0142u w Bielsku-Bia\u0142ej Zarz\u0105du w Katowicach Centralnego Biura \u015aledczego Komendy G\u0142\u00f3wnej Policji)<\/li>\n<\/ul>\n\n\n\n<ul class=\"wp-block-list\">\n<li><strong>28 listopada 2017 roku studenci III roku Bezpiecze\u0144stwa Narodowego i Mi\u0119dzynarodowego przebywali z wizyt\u0105 w Mi\u0119dzynarodowym Porcie Lotniczym w Katowicach-Pyrzowicach.<\/strong>\u00a0Zaj\u0119cia w terenie realizowane by\u0142y w ramach przedmiotu \u201eStra\u017c Graniczna w systemie bezpiecze\u0144stwa pa\u0144stwa\u201d. Studenci mieli okazj\u0119 poszerzy\u0107 zdobyt\u0105 na zaj\u0119ciach wiedz\u0119 teoretyczn\u0105 o wymiar praktyczny<\/li>\n<\/ul>\n\n\n\n<ul class=\"wp-block-list\">\n<li><strong>11 stycznia 2018 roku studenci studi\u00f3w I i II stopnia mieli okazj\u0119 uczestniczy\u0107 w wyk\u0142adzie by\u0142ego dow\u00f3dcy JW 2305 GROM<\/strong>, Pana p\u0142k. Piotra G\u0105sta\u0142a, pt. \u201eGROM \u2013 Wojska Specjalne w systemie bezpiecze\u0144stwa Pa\u0144stwa\u201d<\/li>\n<\/ul>\n\n\n\n<ul class=\"wp-block-list\">\n<li><strong>17 stycznia 2018 roku studenci uczestniczyli w szkoleniu antyterrorystycznym przeprowadzonym przez funkcjonariusza Agencji Bezpiecze\u0144stwa Wewn\u0119trznego, Pana Majora Rafa\u0142a Segeta<\/strong><\/li>\n<\/ul>\n\n\n\n<ul class=\"wp-block-list\">\n<li><strong>18 stycznia 2018 roku studenci wzi\u0119li udzia\u0142 w spotkaniu z funkcjonariuszem Policji z Archiwum X, kt\u00f3ry wyg\u0142osi\u0142 wyk\u0142ad pt. \u201eSeryjni mordercy jako zjawisko spo\u0142eczne\u201d<\/strong><\/li>\n<\/ul>\n\n\n\n<ul class=\"wp-block-list\">\n<li><strong>27 lutego 2018 roku studenci studi\u00f3w I i II stopnia wzi\u0119li udzia\u0142 w I Og\u00f3lnokrajowej Konferencji pt. \u201eDoskonalenie organizacji dzia\u0142a\u0144 Policji na poziomie lokalnym\u201d zorganizowanej przez Komend\u0119 Wojew\u00f3dzk\u0105 Policji w Katowicach oraz Szko\u0142\u0119 Policji w Katowicach<\/strong><\/li>\n<\/ul>\n\n\n\n<ul class=\"wp-block-list\">\n<li><strong>studenci Bezpiecze\u0144stwa Narodowego i Mi\u0119dzynarodowego w kwietniu 2018 roku po raz kolejny odwiedzili Areszt\u00a0 \u015aledczy w Mys\u0142owicach.<\/strong><\/li>\n<\/ul>\n\n\n\n<ul class=\"wp-block-list\">\n<li><strong>15 maja 2018 roku odby\u0142y si\u0119 warsztaty dla student\u00f3w w ramach programu edukacyjnego \u201eODKRYWAMY HISTORI\u0118: <\/strong>Ostaszk\u00f3w \u2013 Twer \u2013 Miednoje\u201d z okazji obchod\u00f3w 100-lecia odzyskania przez Polsk\u0119 Niepodleg\u0142o\u015bci oraz 75. rocznicy ujawnienie Zbrodni Katy\u0144skiej<\/li>\n<\/ul>\n\n\n\n<ul class=\"wp-block-list\">\n<li><strong>21 maja 2018 roku studenci I roku (pod opiek\u0105 mjr. Tomasza Musia\u0142a) wzi\u0119li udzia\u0142 w warsztatach \u201eZasady naboru do pracy w S\u0142u\u017cbie Wi\u0119ziennej\u201d<\/strong>. Zaj\u0119cia odby\u0142y si\u0119 w Areszcie \u015aledczym w Mys\u0142owicach<\/li>\n<\/ul>\n\n\n\n<ul class=\"wp-block-list\">\n<li><strong>21 maja studenci III roku byli go\u015b\u0107mi Centrum Powiadamiania Ratunkowego<\/strong>\u00a0(w Wydziale Bezpiecze\u0144stwa i Zarz\u0105dzania Kryzysowego), mieszcz\u0105cego si\u0119 w \u015al\u0105skim Urz\u0119dzie Wojew\u00f3dzkim w Katowicach. Uczestnicy wizyty pog\u0142\u0119bili swoj\u0105 wiedz\u0119 na temat specyfiki pracy Operatora Numeru Alarmowego, a tak\u017ce zapoznali si\u0119 z charakterystyk\u0105 funkcjonowania katowickiego CPR-u, obejmuj\u0105cego wojew\u00f3dztwo \u015bl\u0105skie<\/li>\n<\/ul>\n\n\n\n<ul class=\"wp-block-list\">\n<li><strong>24 maja 2018 roku studenci kierunk\u00f3w Politologia (spec. wsp\u00f3\u0142czesne stosunki mi\u0119dzynarodowe) oraz Bezpiecze\u0144stwo Narodowe i Mi\u0119dzynarodowe wzi\u0119li udzia\u0142 w seminarium pt. \u201eS\u0142owa s\u0105 wa\u017cne\u201d zorganizowanym przez O\u015bwi\u0119cimski Instytut Praw Cz\u0142owieka<\/strong><\/li>\n<\/ul>\n\n\n\n<ul class=\"wp-block-list\">\n<li><strong>29 maja 2018 roku studenci kierunku Bezpiecze\u0144stwo Narodowe i Mi\u0119dzynarodowe oraz specjalno\u015bci Wsp\u00f3\u0142czesne Stosunki Mi\u0119dzynarodowe realizowanej na kierunku Politologia wzi\u0119li udzia\u0142 w warsztatach pt. \u201eOchrona praw cz\u0142owieka w kontek\u015bcie dzia\u0142a\u0144 Policji\u201d, przeprowadzonych przez inspektora Krzysztofa Kazka z Komendy Wojew\u00f3dzkiej Policji w Katowicach<\/strong><\/li>\n<\/ul>\n\n\n\n<ul class=\"wp-block-list\">\n<li><strong>30 maja 2018 roku studenci I roku odbyli wizyt\u0119 w Wojew\u00f3dzkim Sztabie Wojskowym w Katowicach<\/strong><\/li>\n<\/ul>\n\n\n\n<ul class=\"wp-block-list\">\n<li><strong>7 czerwca 2018 roku studenci kierunku Bezpiecze\u0144stwo Narodowe i Mi\u0119dzynarodowe, a tak\u017ce Politologii (specjalno\u015b\u0107: Wsp\u00f3\u0142czesne Stosunki Mi\u0119dzynarodowe) uczestniczyli w warsztatach \u201eAnti-Money Laundering Workshop\u201d, kt\u00f3re przeprowadzi\u0142 kom. Rados\u0142aw Zbro\u0144ski z Komendy G\u0142\u00f3wnej Policji w Warszawie<\/strong><\/li>\n<\/ul>\n\n\n\n<p>Relacje i galerie zdj\u0119\u0107 dost\u0119pne s\u0105 na <strong><a href=\"https:\/\/www.facebook.com\/BezpieczenstwoNM\" data-type=\"link\" data-id=\"https:\/\/www.facebook.com\/BezpieczenstwoNM\" target=\"_blank\" rel=\"noreferrer noopener\">Facebooku<\/a><\/strong><\/p>\n\n\n\n<div class=\"wp-block-buttons is-content-justification-center is-layout-flex wp-container-core-buttons-is-layout-a89b3969 wp-block-buttons-is-layout-flex\">\n<div class=\"wp-block-button is-style-outline is-style-outline--1\"><a class=\"wp-block-button__link wp-element-button\" href=\"https:\/\/bezpieczenstwo-nm.us.edu.pl\/?page_id=54\">Powr\u00f3t<\/a><\/div>\n<\/div>\n\n\n\n<div style=\"height:100px\" aria-hidden=\"true\" class=\"wp-block-spacer\"><\/div>\n","protected":false},"excerpt":{"rendered":"<p>W roku akademickim 2017\/2018: Relacje i galerie zdj\u0119\u0107 dost\u0119pne s\u0105 na Facebooku<\/p>\n","protected":false},"author":1,"featured_media":0,"parent":0,"menu_order":0,"comment_status":"closed","ping_status":"closed","template":"","meta":{"footnotes":""},"class_list":["post-131","page","type-page","status-publish","hentry"],"_links":{"self":[{"href":"https:\/\/bezpieczenstwo-nm.us.edu.pl\/index.php?rest_route=\/wp\/v2\/pages\/131","targetHints":{"allow":["GET"]}}],"collection":[{"href":"https:\/\/bezpieczenstwo-nm.us.edu.pl\/index.php?rest_route=\/wp\/v2\/pages"}],"about":[{"href":"https:\/\/bezpieczenstwo-nm.us.edu.pl\/index.php?rest_route=\/wp\/v2\/types\/page"}],"author":[{"embeddable":true,"href":"https:\/\/bezpieczenstwo-nm.us.edu.pl\/index.php?rest_route=\/wp\/v2\/users\/1"}],"replies":[{"embeddable":true,"href":"https:\/\/bezpieczenstwo-nm.us.edu.pl\/index.php?rest_route=%2Fwp%2Fv2%2Fcomments&post=131"}],"version-history":[{"count":2,"href":"https:\/\/bezpieczenstwo-nm.us.edu.pl\/index.php?rest_route=\/wp\/v2\/pages\/131\/revisions"}],"predecessor-version":[{"id":155,"href":"https:\/\/bezpieczenstwo-nm.us.edu.pl\/index.php?rest_route=\/wp\/v2\/pages\/131\/revisions\/155"}],"wp:attachment":[{"href":"https:\/\/bezpieczenstwo-nm.us.edu.pl\/index.php?rest_route=%2Fwp%2Fv2%2Fmedia&parent=131"}],"curies":[{"name":"wp","href":"https:\/\/api.w.org\/{rel}","templated":true}]}}