{"id":135,"date":"2024-01-31T15:30:53","date_gmt":"2024-01-31T15:30:53","guid":{"rendered":"https:\/\/bezpieczenstwo-nm.us.edu.pl\/?page_id=135"},"modified":"2024-01-31T16:31:39","modified_gmt":"2024-01-31T16:31:39","slug":"rok-akademicki-2019-2020","status":"publish","type":"page","link":"https:\/\/bezpieczenstwo-nm.us.edu.pl\/?page_id=135","title":{"rendered":"Rok akademicki 2019\/2020"},"content":{"rendered":"\n<p><strong>W roku akademickim 2019\/2020:<\/strong><\/p>\n\n\n\n<ul class=\"wp-block-list\">\n<li><strong>14 listopada 2019 roku (czwartek), w godz. 11:30-13:00 w Auli K. Popio\u0142ka nasi studenci uczestniczyli w wyk\u0142adzie p\u0142k. Tomasza Bia\u0142asa, dow\u00f3dcy 13. \u015al\u0105skiej Brygady Obrony Terytorialnej, zatytu\u0142owanym: \u201eObrona lokalnej spo\u0142eczno\u015bci. Czego terytorials mo\u017ce nauczy\u0107 si\u0119 dzi\u0119ki konfliktowi zbrojnemu w Afganistanie\u201d<\/strong><\/li>\n<\/ul>\n\n\n\n<ul class=\"wp-block-list\">\n<li><strong>3 grudnia 2019 roku studenci po raz kolejny wizytowali Mi\u0119dzynarodowy Port Lotniczy Katowice-Pyrzowice<\/strong>. Wyjazd zosta\u0142 zorganizowany w ramach zaj\u0119\u0107 prowadzonych przez funkcjonariuszy SG<\/li>\n<\/ul>\n\n\n\n<ul class=\"wp-block-list\">\n<li><strong>11 grudnia 2019 roku studenci uczestniczyli w szkoleniu z zakresu stalkingu<\/strong><\/li>\n<\/ul>\n\n\n\n<ul class=\"wp-block-list\">\n<li><strong>8 stycznia 2020 roku odby\u0142o si\u0119 szkolenie antyterrorystyczne dla student\u00f3w<\/strong> I i III roku, prowadzone przez funkcjonariusza Centralnego Biura \u015aledczego Policji wraz z przedstawicielem Agencji Doradztwa QLMS<\/li>\n<\/ul>\n\n\n\n<ul class=\"wp-block-list\">\n<li><strong>W czasie zaj\u0119\u0107 zdalnych studenci I roku go\u015bcili na zaj\u0119ciach konwersatoryjnych<\/strong> o tematyce \u201ePolityka obronna i bezpiecze\u0144stwa pa\u0144stwa ma\u0142ego\u201d mieszka\u0144c\u00f3w Nowej Zelandii<\/li>\n<\/ul>\n\n\n\n<p>Relacje i galerie zdj\u0119\u0107 dost\u0119pne s\u0105 na <strong><a href=\"https:\/\/www.facebook.com\/BezpieczenstwoNM\" data-type=\"link\" data-id=\"https:\/\/www.facebook.com\/BezpieczenstwoNM\" target=\"_blank\" rel=\"noreferrer noopener\">Facebooku<\/a><\/strong><\/p>\n\n\n\n<div class=\"wp-block-buttons is-content-justification-center is-layout-flex wp-container-core-buttons-is-layout-a89b3969 wp-block-buttons-is-layout-flex\">\n<div class=\"wp-block-button is-style-outline is-style-outline--1\"><a class=\"wp-block-button__link wp-element-button\" href=\"https:\/\/bezpieczenstwo-nm.us.edu.pl\/?page_id=54\">Powr\u00f3t<\/a><\/div>\n<\/div>\n\n\n\n<div style=\"height:100px\" aria-hidden=\"true\" class=\"wp-block-spacer\"><\/div>\n","protected":false},"excerpt":{"rendered":"<p>W roku akademickim 2019\/2020: Relacje i galerie zdj\u0119\u0107 dost\u0119pne s\u0105 na Facebooku<\/p>\n","protected":false},"author":1,"featured_media":0,"parent":0,"menu_order":0,"comment_status":"closed","ping_status":"closed","template":"","meta":{"footnotes":""},"class_list":["post-135","page","type-page","status-publish","hentry"],"_links":{"self":[{"href":"https:\/\/bezpieczenstwo-nm.us.edu.pl\/index.php?rest_route=\/wp\/v2\/pages\/135","targetHints":{"allow":["GET"]}}],"collection":[{"href":"https:\/\/bezpieczenstwo-nm.us.edu.pl\/index.php?rest_route=\/wp\/v2\/pages"}],"about":[{"href":"https:\/\/bezpieczenstwo-nm.us.edu.pl\/index.php?rest_route=\/wp\/v2\/types\/page"}],"author":[{"embeddable":true,"href":"https:\/\/bezpieczenstwo-nm.us.edu.pl\/index.php?rest_route=\/wp\/v2\/users\/1"}],"replies":[{"embeddable":true,"href":"https:\/\/bezpieczenstwo-nm.us.edu.pl\/index.php?rest_route=%2Fwp%2Fv2%2Fcomments&post=135"}],"version-history":[{"count":2,"href":"https:\/\/bezpieczenstwo-nm.us.edu.pl\/index.php?rest_route=\/wp\/v2\/pages\/135\/revisions"}],"predecessor-version":[{"id":153,"href":"https:\/\/bezpieczenstwo-nm.us.edu.pl\/index.php?rest_route=\/wp\/v2\/pages\/135\/revisions\/153"}],"wp:attachment":[{"href":"https:\/\/bezpieczenstwo-nm.us.edu.pl\/index.php?rest_route=%2Fwp%2Fv2%2Fmedia&parent=135"}],"curies":[{"name":"wp","href":"https:\/\/api.w.org\/{rel}","templated":true}]}}