{"id":139,"date":"2024-01-31T15:41:47","date_gmt":"2024-01-31T15:41:47","guid":{"rendered":"https:\/\/bezpieczenstwo-nm.us.edu.pl\/?page_id=139"},"modified":"2024-01-31T16:31:44","modified_gmt":"2024-01-31T16:31:44","slug":"rok-akademicki-2016-2017","status":"publish","type":"page","link":"https:\/\/bezpieczenstwo-nm.us.edu.pl\/?page_id=139","title":{"rendered":"Rok akademicki 2016\/2017"},"content":{"rendered":"\n<p><strong>W roku akademickim 2016\/2017:<\/strong><\/p>\n\n\n\n<ul class=\"wp-block-list\">\n<li><strong>15 listopada 2016 roku studenci Bezpiecze\u0144stwa Narodowego i Mi\u0119dzynarodowego wzi\u0119li udzia\u0142 w wyk\u0142adzie \u201eMi\u0119dzynarodowe i krajowe uwarunkowania bezpiecze\u0144stwa Polski\u201d<\/strong>, przeprowadzonym przez gen. prof. dr. hab. Stanis\u0142awa Kozieja, by\u0142ego szefa Biura Bezpiecze\u0144stwa Narodowego<\/li>\n<\/ul>\n\n\n\n<ul class=\"wp-block-list\">\n<li><strong>w listopadzie i grudniu 2016 roku odby\u0142y si\u0119 warsztaty \u201eRekrutacja do Policji\u201d (II i III edycja)<\/strong>, kt\u00f3rych celem by\u0142o zapoznanie student\u00f3w z przebiegiem procesu rekrutacyjnego do Policji. warsztaty prowadzi\u0142 dr Szymon Ko\u0142odziej z Komendy Miejskiej Policji w Gliwicach<\/li>\n<\/ul>\n\n\n\n<ul class=\"wp-block-list\">\n<li><strong>24 listopada 2016 roku studenci odwiedzili Plac\u00f3wk\u0119 Stra\u017cy Granicznej w Katowicach-Pyrzowicach<\/strong>, poznaj\u0105c m.in. zasady dzia\u0142ania punktu kontroli bezpiecze\u0144stwa<\/li>\n<\/ul>\n\n\n\n<ul class=\"wp-block-list\">\n<li><strong>1 grudnia 2016 roku na Wydziale Nauk Spo\u0142ecznych Uniwersytetu \u015al\u0105skiego odby\u0142a si\u0119 Og\u00f3lnopolska Konferencja Naukowa \u201eStosunki Polski z mocarstwami w drugiej dekadzie XXI wieku\u201d<\/strong>, zorganizowana przez Zak\u0142ad Stosunk\u00f3w Mi\u0119dzynarodowych INPiDz U\u015a<\/li>\n<\/ul>\n\n\n\n<ul class=\"wp-block-list\">\n<li><strong>16 i 17 grudnia 2016 roku studenci podnosili \u2013 w trakcie warsztat\u00f3w \u2013 swoje kompetencje negocjacyjne<\/strong><\/li>\n<\/ul>\n\n\n\n<ul class=\"wp-block-list\">\n<li><strong>19 stycznia 2017 roku studenci wzi\u0119li udzia\u0142 w wyk\u0142adzie \u201eTransformacja terroryzmu na prze\u0142omie XX i XXI wieku w aspekcie u\u017cycia materia\u0142\u00f3w oraz urz\u0105dze\u0144 wybuchowych\u201d<\/strong>, kt\u00f3ry przeprowadzi\u0142 podinsp. Jaros\u0142aw Piorkowski (Centralne Biuro \u015aledcze Policji)<\/li>\n<\/ul>\n\n\n\n<ul class=\"wp-block-list\">\n<li><strong>19 stycznia 2017 roku studenci uczestniczyli r\u00f3wnie\u017c w wyk\u0142adzie \u201ePolitical and Economic Consolidation in Former Yugoslav Republics\u201d<\/strong>, przeprowadzonym przez prof. Miro Hacka z Uniwersytetu w Ljubljanie<\/li>\n<\/ul>\n\n\n\n<ul class=\"wp-block-list\">\n<li><strong>w styczniu 2017 roku studenci III roku Bezpiecze\u0144stwa Narodowego i Mi\u0119dzynarodowego odwiedzili jednostk\u0119 wojskow\u0105 KVV Ostrava<\/strong> w Republice Czeskiej<\/li>\n<\/ul>\n\n\n\n<ul class=\"wp-block-list\">\n<li><strong>w kwietniu 2017 roku grupa student\u00f3w odwiedzi\u0142a firm\u0119 WORKS 11<\/strong>, zajmuj\u0105c\u0105 si\u0119 obrotem wyrobami o przeznaczeniu wojskowym i policyjnym<\/li>\n<\/ul>\n\n\n\n<ul class=\"wp-block-list\">\n<li><strong>25 kwietnia 2017 roku ze studentami spotka\u0142 si\u0119 podinsp. Daniel Dudek, wieloletni pracownik EUROPOL-u, funkcjonariusz Komendy G\u0142\u00f3wnej Policji w Warszawie, kt\u00f3ry wyg\u0142osi\u0142 wyk\u0142ad \u201eEUROPOL \u2013 organizacja i strategia dzia\u0142ania\u201d<\/strong><\/li>\n<\/ul>\n\n\n\n<ul class=\"wp-block-list\">\n<li><strong>27 kwietnia 2017 roku m\u0142. insp. Krzysztof Kazek wyg\u0142osi\u0142 dla student\u00f3w wyk\u0142ad \u201eOchrona praw cz\u0142owieka w kontek\u015bcie dzia\u0142a\u0144 Policji\u201d<\/strong><\/li>\n<\/ul>\n\n\n\n<ul class=\"wp-block-list\">\n<li><strong>w ko\u0144cu kwietnia 2017 roku studenci I roku go\u015bcili na terenie Aresztu \u015aledczego w Mys\u0142owicach<\/strong>, zapoznaj\u0105c si\u0119 ze specyfik\u0105 funkcjonowania plac\u00f3wki<\/li>\n<\/ul>\n\n\n\n<ul class=\"wp-block-list\">\n<li><strong>10 maja 2017 roku studenci uczestniczyli w og\u00f3lnopolskiej konferencji naukowej \u201eBezpiecze\u0144stwo w pierwszej i drugiej dekadzie XXI wieku w wymiarze narodowym i mi\u0119dzynarodowym\u201d<\/strong>, kt\u00f3r\u0105 organizowa\u0142 Zak\u0142ad Stosunk\u00f3w Mi\u0119dzynarodowych INPiDz U\u015a oraz Komenda G\u0142\u00f3wna Policji w Warszawie<\/li>\n<\/ul>\n\n\n\n<ul class=\"wp-block-list\">\n<li><strong>29 maja 2017 roku studenci III roku odwiedzili Wojew\u00f3dzkie Centrum Powiadamiania Ratunkowego\u00a0 w Katowicach<\/strong><\/li>\n<\/ul>\n\n\n\n<ul class=\"wp-block-list\">\n<li><strong>2 czerwca 2017 roku studenci III roku pojawili si\u0119 w jednostce wojsk specjalnych JW 3940 AGAT w Gliwicach<\/strong><\/li>\n<\/ul>\n\n\n\n<p>Relacje i galerie zdj\u0119\u0107 dost\u0119pne s\u0105 na <strong><a href=\"https:\/\/www.facebook.com\/BezpieczenstwoNM\" data-type=\"link\" data-id=\"https:\/\/www.facebook.com\/BezpieczenstwoNM\" target=\"_blank\" rel=\"noreferrer noopener\">Facebooku<\/a><\/strong><\/p>\n\n\n\n<div class=\"wp-block-buttons is-content-justification-center is-layout-flex wp-container-core-buttons-is-layout-a89b3969 wp-block-buttons-is-layout-flex\">\n<div class=\"wp-block-button is-style-outline is-style-outline--1\"><a class=\"wp-block-button__link wp-element-button\" href=\"https:\/\/bezpieczenstwo-nm.us.edu.pl\/?page_id=54\">Powr\u00f3t<\/a><\/div>\n<\/div>\n\n\n\n<div style=\"height:100px\" aria-hidden=\"true\" class=\"wp-block-spacer\"><\/div>\n","protected":false},"excerpt":{"rendered":"<p>W roku akademickim 2016\/2017: Relacje i galerie zdj\u0119\u0107 dost\u0119pne s\u0105 na Facebooku<\/p>\n","protected":false},"author":1,"featured_media":0,"parent":0,"menu_order":0,"comment_status":"closed","ping_status":"closed","template":"","meta":{"footnotes":""},"class_list":["post-139","page","type-page","status-publish","hentry"],"_links":{"self":[{"href":"https:\/\/bezpieczenstwo-nm.us.edu.pl\/index.php?rest_route=\/wp\/v2\/pages\/139","targetHints":{"allow":["GET"]}}],"collection":[{"href":"https:\/\/bezpieczenstwo-nm.us.edu.pl\/index.php?rest_route=\/wp\/v2\/pages"}],"about":[{"href":"https:\/\/bezpieczenstwo-nm.us.edu.pl\/index.php?rest_route=\/wp\/v2\/types\/page"}],"author":[{"embeddable":true,"href":"https:\/\/bezpieczenstwo-nm.us.edu.pl\/index.php?rest_route=\/wp\/v2\/users\/1"}],"replies":[{"embeddable":true,"href":"https:\/\/bezpieczenstwo-nm.us.edu.pl\/index.php?rest_route=%2Fwp%2Fv2%2Fcomments&post=139"}],"version-history":[{"count":2,"href":"https:\/\/bezpieczenstwo-nm.us.edu.pl\/index.php?rest_route=\/wp\/v2\/pages\/139\/revisions"}],"predecessor-version":[{"id":156,"href":"https:\/\/bezpieczenstwo-nm.us.edu.pl\/index.php?rest_route=\/wp\/v2\/pages\/139\/revisions\/156"}],"wp:attachment":[{"href":"https:\/\/bezpieczenstwo-nm.us.edu.pl\/index.php?rest_route=%2Fwp%2Fv2%2Fmedia&parent=139"}],"curies":[{"name":"wp","href":"https:\/\/api.w.org\/{rel}","templated":true}]}}