{"id":141,"date":"2024-01-31T15:55:51","date_gmt":"2024-01-31T15:55:51","guid":{"rendered":"https:\/\/bezpieczenstwo-nm.us.edu.pl\/?page_id=141"},"modified":"2024-01-31T17:11:12","modified_gmt":"2024-01-31T17:11:12","slug":"rok-akademicki-2021-2022","status":"publish","type":"page","link":"https:\/\/bezpieczenstwo-nm.us.edu.pl\/?page_id=141","title":{"rendered":"Rok akademicki 2021\/2022"},"content":{"rendered":"\n<p><strong>W roku akademickim 2021\/2022: <\/strong><\/p>\n\n\n\n<ul class=\"wp-block-list\">\n<li><strong>28 pa\u017adziernika 2021 roku studenci odwiedzili plac\u00f3wk\u0119 Stra\u017cy Granicznej w Katowicach-Pyrzowicach<\/strong><\/li>\n<\/ul>\n\n\n\n<p><a href=\"https:\/\/www.facebook.com\/BezpieczenstwoNM\/posts\/pfbid0h6pRGMuMHrppJDismUQjUmww35UUHF2n4TLQ9mZRmuNKZiNaza9Jk1gmu5uXHBtXl\" target=\"_blank\" rel=\"noreferrer noopener\">https:\/\/www.facebook.com\/BezpieczenstwoNM\/posts\/pfbid0h6pRGMuMHrppJDismUQjUmww35UUHF2n4TLQ9mZRmuNKZiNaza9Jk1gmu5uXHBtXl<\/a><\/p>\n\n\n\n<ul class=\"wp-block-list\">\n<li><strong>29 marca 2022 roku studenci uczestniczyli w szkoleniu antyterrorystycznym<\/strong> przeprowadzonym przez funkcjonariuszy Zespo\u0142u Specjalnego Centralnego Biura \u015aledczego Policji z Krakowa oraz przedstawiciela Agencji Doradztwa QLMS<\/li>\n<\/ul>\n\n\n\n<p><a href=\"https:\/\/www.facebook.com\/BezpieczenstwoNM\/posts\/2473339739467034\" target=\"_blank\" rel=\"noreferrer noopener\">https:\/\/www.facebook.com\/BezpieczenstwoNM\/posts\/2473339739467034<\/a><\/p>\n\n\n\n<ul class=\"wp-block-list\">\n<li><strong>8 kwietnia 2022 roku studenci wizytowali plac\u00f3wk\u0119 Stra\u017cy Granicznej w Katowicach-Pyrzowicach<\/strong> i uczestniczyli w warsztatach dotycz\u0105cych zasad naboru do pracy w Stra\u017cy Granicznej<\/li>\n<\/ul>\n\n\n\n<p><a href=\"https:\/\/www.facebook.com\/BezpieczenstwoNM\/posts\/2481205025347172\" target=\"_blank\" rel=\"noreferrer noopener\">https:\/\/www.facebook.com\/BezpieczenstwoNM\/posts\/2481205025347172<\/a><\/p>\n\n\n\n<ul class=\"wp-block-list\">\n<li><strong>22 kwietnia 2022 roku mgr \u0141ukasz Wielgosz, jako Ambasador Bezpiecze\u0144stwa Narodowego i Mi\u0119dzynarodowego oraz Politologii, odwiedzi\u0142 II Liceum Og\u00f3lnokszta\u0142c\u0105ce im. Powsta\u0144c\u00f3w \u015al\u0105skich w Mys\u0142owicach<\/strong> w ramach cyklu prelekcji promocyjnych w szko\u0142ach ponadpodstawowych wojew\u00f3dztwa \u015bl\u0105skiego<\/li>\n<\/ul>\n\n\n\n<p><a href=\"https:\/\/www.facebook.com\/BezpieczenstwoNM\/posts\/2492643750869966\" target=\"_blank\" rel=\"noreferrer noopener\">https:\/\/www.facebook.com\/BezpieczenstwoNM\/posts\/2492643750869966<\/a><\/p>\n\n\n\n<ul class=\"wp-block-list\">\n<li><strong>26 kwietnia 2022 roku, w ramach cyklu debat akademickich pomi\u0119dzy ekspertami i pracownikami Wydzia\u0142u Nauk Spo\u0142ecznych Uniwersytetu \u015al\u0105skiego a studentami naszych kierunk\u00f3w, odby\u0142o si\u0119 spotkanie pierwsze<\/strong>: wyk\u0142ad dr. hab. Marka Migalskiego, prof. U\u015a \u201eFrancuskie wybory prezydenckie w \u015bwietle \u015bwiatowego kryzysu liberalnej demokracji\u201d<\/li>\n<\/ul>\n\n\n\n<p><a href=\"https:\/\/www.facebook.com\/BezpieczenstwoNM\/posts\/2494217934045881\" target=\"_blank\" rel=\"noreferrer noopener\">https:\/\/www.facebook.com\/BezpieczenstwoNM\/posts\/2494217934045881<\/a><\/p>\n\n\n\n<ul class=\"wp-block-list\">\n<li><strong>26 kwietnia 2022 roku odby\u0142y si\u0119 warsztaty \u201eAnti-Money Laundering w systemie bankowym\u201d <\/strong>prowadzone przez pracownik\u00f3w jednostki operacyjnej odpowiedzialnej za prowadzenie dzia\u0142a\u0144 AML w ING Banku: Klaudi\u0119 Lubczyk (Senior Specialist \u2013 KYC Operations), Szymona Roso\u0142a (Circle Lead I) oraz Bartosza Rogacza (Circle Lead II).<\/li>\n<\/ul>\n\n\n\n<p><a href=\"https:\/\/www.facebook.com\/BezpieczenstwoNM\/posts\/2495327800601561\" target=\"_blank\" rel=\"noreferrer noopener\">https:\/\/www.facebook.com\/BezpieczenstwoNM\/posts\/2495327800601561<\/a><\/p>\n\n\n\n<ul class=\"wp-block-list\">\n<li><strong>17 maja 2022 roku<\/strong>, w ramach cyklu debat akademickich pomi\u0119dzy ekspertami i pracownikami Wydzia\u0142u Nauk Spo\u0142ecznych Uniwersytetu \u015al\u0105skiego a studentami naszych kierunk\u00f3w, <strong>odby\u0142o si\u0119 spotkanie z ambasadorem Janem Natka\u0144skim<\/strong> i wyk\u0142ad \u201eKatar \u2013 ma\u0142y kraj, a wielki sojusznik Stan\u00f3w Zjednoczonych\u201d<\/li>\n<\/ul>\n\n\n\n<p><a href=\"https:\/\/www.facebook.com\/BezpieczenstwoNM\/posts\/2512111518923189\" target=\"_blank\" rel=\"noreferrer noopener\">https:\/\/www.facebook.com\/BezpieczenstwoNM\/posts\/2512111518923189<\/a><\/p>\n\n\n\n<ul class=\"wp-block-list\">\n<li><strong>18 maja 2022 roku ponownie w akcji znale\u017ali si\u0119 Ambasadorowie Bezpiecze\u0144stwa Narodowego i Mi\u0119dzynarodowego oraz Politologii<\/strong>. Dr Natalia St\u0119pie\u0144-Lampa go\u015bci\u0142a z wyk\u0142adem \u201eStarzejemy si\u0119!\u201d w ZSTiO Meritum w Siemianowicach \u015al\u0105skich<\/li>\n<\/ul>\n\n\n\n<p><a href=\"https:\/\/www.facebook.com\/BezpieczenstwoNM\/posts\/2513756358758705\" target=\"_blank\" rel=\"noreferrer noopener\">https:\/\/www.facebook.com\/BezpieczenstwoNM\/posts\/2513756358758705<\/a><\/p>\n\n\n\n<ul class=\"wp-block-list\">\n<li><strong>19 maja 2022 roku studenci spotkali si\u0119 z dr. Tomaszem Ro\u017ckiem<\/strong> \u2013 popularyzatorem nauki znanym m.in. z youtubowego kana\u0142u Nauka. To lubi\u0119 \u2013 i wys\u0142uchali wyk\u0142adu dotycz\u0105cego technologii zwi\u0105zanych ze sztuczn\u0105 inteligencj\u0105<\/li>\n<\/ul>\n\n\n\n<p><a href=\"https:\/\/www.facebook.com\/BezpieczenstwoNM\/posts\/2513289435472064\" target=\"_blank\" rel=\"noreferrer noopener\">https:\/\/www.facebook.com\/BezpieczenstwoNM\/posts\/2513289435472064<\/a><\/p>\n\n\n\n<ul class=\"wp-block-list\">\n<li><strong>20 maja 2022 roku studenci Bezpiecze\u0144stwa Narodowego i Mi\u0119dzynarodowego udali si\u0119 z wizyt\u0105 do 5. Tarnog\u00f3rskiego Pu\u0142ku Chemicznego<\/strong> im. gen. broni Leona Berbeckiego<\/li>\n<\/ul>\n\n\n\n<p><a href=\"https:\/\/www.facebook.com\/BezpieczenstwoNM\/posts\/2516310895169918\" target=\"_blank\" rel=\"noreferrer noopener\">https:\/\/www.facebook.com\/BezpieczenstwoNM\/posts\/2516310895169918<\/a><\/p>\n\n\n\n<ul class=\"wp-block-list\">\n<li><strong>26 maja 2022 roku odby\u0142a si\u0119 kolejna wizyta w Plac\u00f3wce Stra\u017cy Granicznej<\/strong> mieszcz\u0105cej si\u0119 w Mi\u0119dzynarodowym Porcie Lotniczym Katowice-Pyrzowice<\/li>\n<\/ul>\n\n\n\n<p><a href=\"https:\/\/www.facebook.com\/BezpieczenstwoNM\/posts\/2523163751151299\" target=\"_blank\" rel=\"noreferrer noopener\">https:\/\/www.facebook.com\/BezpieczenstwoNM\/posts\/2523163751151299<\/a><\/p>\n\n\n\n<ul class=\"wp-block-list\">\n<li><strong>31 maja i 1 czerwca 2022 roku studenci udali si\u0119 z wizytami do Aresztu \u015aledczego w Mys\u0142owicach<\/strong><\/li>\n<\/ul>\n\n\n\n<p><a href=\"https:\/\/www.facebook.com\/BezpieczenstwoNM\/posts\/2529052613895746\" target=\"_blank\" rel=\"noreferrer noopener\">https:\/\/www.facebook.com\/BezpieczenstwoNM\/posts\/2529052613895746<\/a><\/p>\n\n\n\n<div class=\"wp-block-buttons is-content-justification-center is-layout-flex wp-container-core-buttons-is-layout-a89b3969 wp-block-buttons-is-layout-flex\">\n<div class=\"wp-block-button is-style-outline is-style-outline--1\"><a class=\"wp-block-button__link wp-element-button\" href=\"https:\/\/bezpieczenstwo-nm.us.edu.pl\/?page_id=54\">Powr\u00f3t<\/a><\/div>\n<\/div>\n\n\n\n<div style=\"height:100px\" aria-hidden=\"true\" class=\"wp-block-spacer\"><\/div>\n","protected":false},"excerpt":{"rendered":"<p>W roku akademickim 2021\/2022: https:\/\/www.facebook.com\/BezpieczenstwoNM\/posts\/pfbid0h6pRGMuMHrppJDismUQjUmww35UUHF2n4TLQ9mZRmuNKZiNaza9Jk1gmu5uXHBtXl https:\/\/www.facebook.com\/BezpieczenstwoNM\/posts\/2473339739467034 https:\/\/www.facebook.com\/BezpieczenstwoNM\/posts\/2481205025347172 https:\/\/www.facebook.com\/BezpieczenstwoNM\/posts\/2492643750869966 https:\/\/www.facebook.com\/BezpieczenstwoNM\/posts\/2494217934045881 https:\/\/www.facebook.com\/BezpieczenstwoNM\/posts\/2495327800601561 https:\/\/www.facebook.com\/BezpieczenstwoNM\/posts\/2512111518923189 https:\/\/www.facebook.com\/BezpieczenstwoNM\/posts\/2513756358758705 https:\/\/www.facebook.com\/BezpieczenstwoNM\/posts\/2513289435472064 https:\/\/www.facebook.com\/BezpieczenstwoNM\/posts\/2516310895169918 https:\/\/www.facebook.com\/BezpieczenstwoNM\/posts\/2523163751151299 https:\/\/www.facebook.com\/BezpieczenstwoNM\/posts\/2529052613895746<\/p>\n","protected":false},"author":1,"featured_media":0,"parent":0,"menu_order":0,"comment_status":"closed","ping_status":"closed","template":"","meta":{"footnotes":""},"class_list":["post-141","page","type-page","status-publish","hentry"],"_links":{"self":[{"href":"https:\/\/bezpieczenstwo-nm.us.edu.pl\/index.php?rest_route=\/wp\/v2\/pages\/141","targetHints":{"allow":["GET"]}}],"collection":[{"href":"https:\/\/bezpieczenstwo-nm.us.edu.pl\/index.php?rest_route=\/wp\/v2\/pages"}],"about":[{"href":"https:\/\/bezpieczenstwo-nm.us.edu.pl\/index.php?rest_route=\/wp\/v2\/types\/page"}],"author":[{"embeddable":true,"href":"https:\/\/bezpieczenstwo-nm.us.edu.pl\/index.php?rest_route=\/wp\/v2\/users\/1"}],"replies":[{"embeddable":true,"href":"https:\/\/bezpieczenstwo-nm.us.edu.pl\/index.php?rest_route=%2Fwp%2Fv2%2Fcomments&post=141"}],"version-history":[{"count":5,"href":"https:\/\/bezpieczenstwo-nm.us.edu.pl\/index.php?rest_route=\/wp\/v2\/pages\/141\/revisions"}],"predecessor-version":[{"id":171,"href":"https:\/\/bezpieczenstwo-nm.us.edu.pl\/index.php?rest_route=\/wp\/v2\/pages\/141\/revisions\/171"}],"wp:attachment":[{"href":"https:\/\/bezpieczenstwo-nm.us.edu.pl\/index.php?rest_route=%2Fwp%2Fv2%2Fmedia&parent=141"}],"curies":[{"name":"wp","href":"https:\/\/api.w.org\/{rel}","templated":true}]}}