{"id":143,"date":"2024-01-31T16:24:11","date_gmt":"2024-01-31T16:24:11","guid":{"rendered":"https:\/\/bezpieczenstwo-nm.us.edu.pl\/?page_id=143"},"modified":"2024-01-31T16:31:49","modified_gmt":"2024-01-31T16:31:49","slug":"rok-akademicki-2014-2015","status":"publish","type":"page","link":"https:\/\/bezpieczenstwo-nm.us.edu.pl\/?page_id=143","title":{"rendered":"Rok akademicki 2014\/2015"},"content":{"rendered":"\n<p><strong>W roku akademickim 2014\/2015:<\/strong><\/p>\n\n\n\n<ul class=\"wp-block-list\">\n<li><strong>6 listopada 2014 roku studenci uczestniczyli w wyk\u0142adzie gen. Romana Polko<\/strong>, zatytu\u0142owanym \u201eGlobalna sie\u0107 terrorystyczna\u201d<\/li>\n<\/ul>\n\n\n\n<ul class=\"wp-block-list\">\n<li><strong>11 grudnia 2014 roku studenci wzi\u0119li udzia\u0142 w konferencji \u201eBezpiecze\u0144stwo Polski w drugiej dekadzie XXI wieku \u2013 problemy i wyzwania\u201d<\/strong>, kt\u00f3r\u0105 organizowa\u0142 Regionalny O\u015brodek Debaty Mi\u0119dzynarodowej w Katowicach wraz z Zak\u0142adem Stosunk\u00f3w Mi\u0119dzynarodowych INPiDz U\u015a<\/li>\n<\/ul>\n\n\n\n<ul class=\"wp-block-list\">\n<li>1<strong>9 stycznia 2015 roku studenci spotkali si\u0119 z dr. Micha\u0142em Lubin\u0105, kt\u00f3ry wyg\u0142osi\u0142 wyk\u0142ad<\/strong> zatytu\u0142owany \u201eNied\u017awied\u017a w cieniu smoka. Rosja \u2013 Chiny 1991-2014\u201d<\/li>\n<\/ul>\n\n\n\n<ul class=\"wp-block-list\">\n<li><strong>21 i 28 marca 2015 roku studenci Bezpiecze\u0144stwa Narodowego i Mi\u0119dzynarodowego uczestniczyli w warsztatach \u201eRekrutacja do policji\u201d<\/strong>, kt\u00f3re przeprowadzi\u0142 Szymon Ko\u0142odziej z Komendy Miejskiej Policji w Gliwicach<\/li>\n<\/ul>\n\n\n\n<ul class=\"wp-block-list\">\n<li><strong>16 kwietnia 2015 roku na Wydziale Nauk Spo\u0142ecznych Uniwersytetu \u015al\u0105skiego w Katowicach odby\u0142 si\u0119 \u201eKonkurs wiedzy o konfliktach zbrojnych po 1945 roku\u201d<\/strong> skierowany do uczni\u00f3w szk\u00f3\u0142 ponadgimnazjalnych z terenu wojew\u00f3dztwa \u015bl\u0105skiego<\/li>\n<\/ul>\n\n\n\n<ul class=\"wp-block-list\">\n<li><strong>20 kwietnia 2015 roku JE Ambasador Francji Pierre Buhler wyg\u0142osi\u0142 dla student\u00f3w wyk\u0142ad<\/strong> pt. \u201ePolska pierwszoplanowym partnerem Francji\u201d<\/li>\n<\/ul>\n\n\n\n<ul class=\"wp-block-list\">\n<li><strong>23 kwietnia 2015 roku odby\u0142y si\u0119 warsztaty <\/strong>skierowane do student\u00f3w kierunk\u00f3w Bezpiecze\u0144stwo Narodowe i Mi\u0119dzynarodowe oraz Politologia (specjalno\u015b\u0107: wsp\u00f3\u0142czesne stosunki mi\u0119dzynarodowe) dotycz\u0105ce protoko\u0142u dyplomatycznego oraz zatrudnienia w instytucjach mi\u0119dzynarodowych<\/li>\n<\/ul>\n\n\n\n<ul class=\"wp-block-list\">\n<li><strong>W kwietniu 2015 roku studenci BNiM odwiedzili Areszt \u015aledczy w Mys\u0142owicach<\/strong><\/li>\n<\/ul>\n\n\n\n<ul class=\"wp-block-list\">\n<li><strong>28 maja 2015 roku studenci Bezpiecze\u0144stwa Narodowego i Mi\u0119dzynarodowego wzi\u0119li udzia\u0142 w debacie \u201ePorozmawiajmy o bezpiecze\u0144stwie. M\u0142odzi maj\u0105 g\u0142os\u201d<\/strong>, kt\u00f3ra odby\u0142a si\u0119 w Rektoracie Uniwersytetu \u015al\u0105skiego w Katowicach<\/li>\n<\/ul>\n\n\n\n<ul class=\"wp-block-list\">\n<li><strong>16 i 23 maja 2015 roku studenci uczestniczyli w szkoleniach z pierwszej pomocy przedmedycznej<\/strong><\/li>\n<\/ul>\n\n\n\n<ul class=\"wp-block-list\">\n<li><strong>26 maja 2015 roku studenci udali si\u0119 z wizyt\u0105 do Wojew\u00f3dzkiego Sztabu Wojskowego w Katowicach<\/strong><\/li>\n<\/ul>\n\n\n\n<ul class=\"wp-block-list\">\n<li><strong>7 i 22 czerwca 2015 roku studenci wzi\u0119li udzia\u0142 w kursie samoobrony<\/strong><\/li>\n<\/ul>\n\n\n\n<div class=\"wp-block-buttons is-content-justification-center is-layout-flex wp-container-core-buttons-is-layout-a89b3969 wp-block-buttons-is-layout-flex\">\n<div class=\"wp-block-button is-style-outline is-style-outline--1\"><a class=\"wp-block-button__link wp-element-button\" href=\"https:\/\/bezpieczenstwo-nm.us.edu.pl\/?page_id=54\">Powr\u00f3t<\/a><\/div>\n<\/div>\n\n\n\n<div style=\"height:100px\" aria-hidden=\"true\" class=\"wp-block-spacer\"><\/div>\n","protected":false},"excerpt":{"rendered":"<p>W roku akademickim 2014\/2015:<\/p>\n","protected":false},"author":1,"featured_media":0,"parent":0,"menu_order":0,"comment_status":"closed","ping_status":"closed","template":"","meta":{"footnotes":""},"class_list":["post-143","page","type-page","status-publish","hentry"],"_links":{"self":[{"href":"https:\/\/bezpieczenstwo-nm.us.edu.pl\/index.php?rest_route=\/wp\/v2\/pages\/143","targetHints":{"allow":["GET"]}}],"collection":[{"href":"https:\/\/bezpieczenstwo-nm.us.edu.pl\/index.php?rest_route=\/wp\/v2\/pages"}],"about":[{"href":"https:\/\/bezpieczenstwo-nm.us.edu.pl\/index.php?rest_route=\/wp\/v2\/types\/page"}],"author":[{"embeddable":true,"href":"https:\/\/bezpieczenstwo-nm.us.edu.pl\/index.php?rest_route=\/wp\/v2\/users\/1"}],"replies":[{"embeddable":true,"href":"https:\/\/bezpieczenstwo-nm.us.edu.pl\/index.php?rest_route=%2Fwp%2Fv2%2Fcomments&post=143"}],"version-history":[{"count":3,"href":"https:\/\/bezpieczenstwo-nm.us.edu.pl\/index.php?rest_route=\/wp\/v2\/pages\/143\/revisions"}],"predecessor-version":[{"id":158,"href":"https:\/\/bezpieczenstwo-nm.us.edu.pl\/index.php?rest_route=\/wp\/v2\/pages\/143\/revisions\/158"}],"wp:attachment":[{"href":"https:\/\/bezpieczenstwo-nm.us.edu.pl\/index.php?rest_route=%2Fwp%2Fv2%2Fmedia&parent=143"}],"curies":[{"name":"wp","href":"https:\/\/api.w.org\/{rel}","templated":true}]}}