{"id":145,"date":"2024-01-31T16:26:02","date_gmt":"2024-01-31T16:26:02","guid":{"rendered":"https:\/\/bezpieczenstwo-nm.us.edu.pl\/?page_id=145"},"modified":"2024-01-31T16:31:46","modified_gmt":"2024-01-31T16:31:46","slug":"rok-akademicki-2015-2016","status":"publish","type":"page","link":"https:\/\/bezpieczenstwo-nm.us.edu.pl\/?page_id=145","title":{"rendered":"Rok akademicki 2015\/2016"},"content":{"rendered":"\n<p><strong>W roku akademickim 2015\/2016:<\/strong><\/p>\n\n\n\n<ul class=\"wp-block-list\">\n<li><strong>20 pa\u017adziernika 2015 roku studenci Bezpiecze\u0144stwa Narodowego i Mi\u0119dzynarodowego wzi\u0119li udzia\u0142 w szkoleniu \u201eKariera w organizacjach mi\u0119dzynarodowych\u201d<\/strong>, kt\u00f3re przeprowadzi\u0142a mgr Monika Szynol<\/li>\n<\/ul>\n\n\n\n<ul class=\"wp-block-list\">\n<li><strong>17 listopada 2015 roku studenci wzi\u0119li udzia\u0142 w debacie z przedstawicielami Komendy Wojew\u00f3dzkiej Policji w Katowicach po\u015bwi\u0119conej zjawisku cyberprzest\u0119pczo\u015bci<\/strong> (\u201ePorozmawiajmy o bezpiecze\u0144stwie. M\u0142odzi maj\u0105 g\u0142os. Debata o cyberprzest\u0119pczo\u015bci\u201d)<\/li>\n<\/ul>\n\n\n\n<ul class=\"wp-block-list\">\n<li><strong>10 grudnia 2015 roku odby\u0142a si\u0119 konferencja \u201eBezpiecze\u0144stwo Polski i bezpiecze\u0144stwo mi\u0119dzynarodowe w kontek\u015bcie konfliktu ukrai\u0144skiego\u201d<\/strong>, organizowana przez Zak\u0142ad Stosunk\u00f3w Mi\u0119dzynarodowych INPiDz U\u015a oraz Regionalny O\u015brodek Debaty Mi\u0119dzynarodowej w Katowicach<\/li>\n<\/ul>\n\n\n\n<ul class=\"wp-block-list\">\n<li><strong>12 stycznia 2016 roku wyk\u0142ad otwarty dla student\u00f3w BNiM wyg\u0142osi\u0142 gen. dr. Mieczys\u0142aw Bieniek<\/strong>. Wyk\u0142ad dotyczy\u0142 roli NATO w zwalczaniu zagro\u017ce\u0144 dla bezpiecze\u0144stwa mi\u0119dzynarodowego<\/li>\n<\/ul>\n\n\n\n<ul class=\"wp-block-list\">\n<li><strong>11 i 12 lutego 2016 roku studenci uczestniczyli w warsztatach \u201eRekrutacja do Policji\u201d<\/strong>, kt\u00f3re prowadzi\u0142 czynny policjant i doktorant U\u015a mgr Szymon Ko\u0142odziej<\/li>\n<\/ul>\n\n\n\n<ul class=\"wp-block-list\">\n<li><strong>13 marca 2016 roku grupa student\u00f3w Bezpiecze\u0144stwa Narodowego i Mi\u0119dzynarodowego mia\u0142a okazj\u0119 wzi\u0105\u0107 udzia\u0142 w warsztatach dotycz\u0105cych metod i technik pozyskiwania informacji z otwartych \u017ar\u00f3de\u0142 w Internecie (OSINT)<\/strong>. Warsztaty prowadzi\u0142 dr Miron Lakomy<\/li>\n<\/ul>\n\n\n\n<ul class=\"wp-block-list\">\n<li><strong>17 marca 2016 roku odby\u0142a si\u0119 druga edycja \u201eKonkursu Wiedzy o Konfliktach Zbrojnych po 1945 roku\u201d<\/strong>, skierowanego do uczni\u00f3w szk\u00f3\u0142 ponadgimnazjalnych zainteresowanych tematyk\u0105 bezpiecze\u0144stwa narodowego i mi\u0119dzynarodowego<\/li>\n<\/ul>\n\n\n\n<p>Relacje i galerie zdj\u0119\u0107 dost\u0119pne s\u0105 na <strong><a href=\"https:\/\/www.facebook.com\/BezpieczenstwoNM\" data-type=\"link\" data-id=\"https:\/\/www.facebook.com\/BezpieczenstwoNM\" target=\"_blank\" rel=\"noreferrer noopener\">Facebooku<\/a><\/strong><\/p>\n\n\n\n<div class=\"wp-block-buttons is-content-justification-center is-layout-flex wp-container-core-buttons-is-layout-a89b3969 wp-block-buttons-is-layout-flex\">\n<div class=\"wp-block-button is-style-outline is-style-outline--1\"><a class=\"wp-block-button__link wp-element-button\" href=\"https:\/\/bezpieczenstwo-nm.us.edu.pl\/?page_id=54\">Powr\u00f3t<\/a><\/div>\n<\/div>\n\n\n\n<div style=\"height:100px\" aria-hidden=\"true\" class=\"wp-block-spacer\"><\/div>\n","protected":false},"excerpt":{"rendered":"<p>W roku akademickim 2015\/2016: Relacje i galerie zdj\u0119\u0107 dost\u0119pne s\u0105 na Facebooku<\/p>\n","protected":false},"author":1,"featured_media":0,"parent":0,"menu_order":0,"comment_status":"closed","ping_status":"closed","template":"","meta":{"footnotes":""},"class_list":["post-145","page","type-page","status-publish","hentry"],"_links":{"self":[{"href":"https:\/\/bezpieczenstwo-nm.us.edu.pl\/index.php?rest_route=\/wp\/v2\/pages\/145","targetHints":{"allow":["GET"]}}],"collection":[{"href":"https:\/\/bezpieczenstwo-nm.us.edu.pl\/index.php?rest_route=\/wp\/v2\/pages"}],"about":[{"href":"https:\/\/bezpieczenstwo-nm.us.edu.pl\/index.php?rest_route=\/wp\/v2\/types\/page"}],"author":[{"embeddable":true,"href":"https:\/\/bezpieczenstwo-nm.us.edu.pl\/index.php?rest_route=\/wp\/v2\/users\/1"}],"replies":[{"embeddable":true,"href":"https:\/\/bezpieczenstwo-nm.us.edu.pl\/index.php?rest_route=%2Fwp%2Fv2%2Fcomments&post=145"}],"version-history":[{"count":3,"href":"https:\/\/bezpieczenstwo-nm.us.edu.pl\/index.php?rest_route=\/wp\/v2\/pages\/145\/revisions"}],"predecessor-version":[{"id":157,"href":"https:\/\/bezpieczenstwo-nm.us.edu.pl\/index.php?rest_route=\/wp\/v2\/pages\/145\/revisions\/157"}],"wp:attachment":[{"href":"https:\/\/bezpieczenstwo-nm.us.edu.pl\/index.php?rest_route=%2Fwp%2Fv2%2Fmedia&parent=145"}],"curies":[{"name":"wp","href":"https:\/\/api.w.org\/{rel}","templated":true}]}}