{"id":16,"date":"2024-01-31T08:49:10","date_gmt":"2024-01-31T08:49:10","guid":{"rendered":"https:\/\/bezpieczenstwo-nm.us.edu.pl\/?page_id=16"},"modified":"2024-02-01T09:14:02","modified_gmt":"2024-02-01T09:14:02","slug":"homepage","status":"publish","type":"page","link":"https:\/\/bezpieczenstwo-nm.us.edu.pl\/","title":{"rendered":"Strona g\u0142\u00f3wna"},"content":{"rendered":"\n<div class=\"wp-block-cover alignfull\" style=\"min-height:100vh;aspect-ratio:unset;\"><span aria-hidden=\"true\" class=\"wp-block-cover__background has-primary-background-color has-background-dim-60 has-background-dim\"><\/span><img loading=\"lazy\" decoding=\"async\" width=\"1920\" height=\"1181\" class=\"wp-block-cover__image-background wp-image-30\" alt=\"\" src=\"https:\/\/bezpieczenstwo-nm.us.edu.pl\/wp-content\/uploads\/2024\/01\/earth-2254769_1920.jpg\" data-object-fit=\"cover\" srcset=\"https:\/\/bezpieczenstwo-nm.us.edu.pl\/wp-content\/uploads\/2024\/01\/earth-2254769_1920.jpg 1920w, https:\/\/bezpieczenstwo-nm.us.edu.pl\/wp-content\/uploads\/2024\/01\/earth-2254769_1920-300x185.jpg 300w, https:\/\/bezpieczenstwo-nm.us.edu.pl\/wp-content\/uploads\/2024\/01\/earth-2254769_1920-1024x630.jpg 1024w\" sizes=\"auto, (max-width: 1920px) 100vw, 1920px\" \/><div class=\"wp-block-cover__inner-container has-global-padding is-layout-constrained wp-block-cover-is-layout-constrained\">\n<div style=\"height:100px\" aria-hidden=\"true\" class=\"wp-block-spacer\"><\/div>\n\n\n\n<p class=\"has-text-align-center has-white-color has-text-color has-large-font-size\" style=\"font-style:normal;font-weight:900;line-height:1.2\"><strong>Bezpiecze\u0144stwo Narodowe i Mi\u0119dzynarodowe<\/strong><\/p>\n\n\n\n<p class=\"has-text-align-center\">Studia I i II stopnia, stacjonarne i niestacjonarne na Uniwersytecie \u015al\u0105skim w Katowicach<\/p>\n\n\n\n<div style=\"height:100px\" aria-hidden=\"true\" class=\"wp-block-spacer\"><\/div>\n\n\n\n<div class=\"wp-block-buttons is-content-justification-center is-layout-flex wp-container-core-buttons-is-layout-a89b3969 wp-block-buttons-is-layout-flex\">\n<div class=\"wp-block-button is-style-outline is-style-outline--1\"><a class=\"wp-block-button__link has-white-color has-text-color wp-element-button\" href=\"https:\/\/bezpieczenstwo-nm.us.edu.pl\/?page_id=44\" style=\"border-radius:0px\">Poznaj kierunek<\/a><\/div>\n<\/div>\n<\/div><\/div>\n\n\n\n<div class=\"wp-block-group has-global-padding is-layout-constrained wp-block-group-is-layout-constrained\">\n<div style=\"height:40px\" aria-hidden=\"true\" class=\"wp-block-spacer\"><\/div>\n\n\n\n<h2 class=\"wp-block-heading has-text-align-center has-medium-font-size\" style=\"letter-spacing:1px\">Studiuj Bezpiecze\u0144stwo Narodowe i Mi\u0119dzynarodowe<\/h2>\n\n\n\n<p><\/p>\n\n\n\n<p>Kierunek prowadzony jest na studiach\u00a0<strong>I stopnia i II stopnia<\/strong> w trybie\u00a0<strong>stacjonarnym<\/strong>\u00a0oraz\u00a0<strong>niestacjonarnym<\/strong>.<br><br>G\u0142\u00f3wnym celem kierunku jest przygotowanie studenta do pracy w organizacjach, instytucjach i s\u0142u\u017cbach zajmuj\u0105cych si\u0119 szeroko poj\u0119tym bezpiecze\u0144stwem, obejmuj\u0105cym aspekty tak wewn\u0119trzne, narodowe jak i mi\u0119dzynarodowe. Jednocze\u015bnie zapewnia absolwentom podstawow\u0105 wiedz\u0119 i umiej\u0119tno\u015bci z zakresu nauk politycznych i stosunk\u00f3w mi\u0119dzynarodowych, co ma istotne znaczenie w kontek\u015bcie dynamiki wsp\u00f3\u0142czesnych zagro\u017ce\u0144 dla bezpiecze\u0144stwa narodowego i mi\u0119dzynarodowego.<\/p>\n\n\n\n<div style=\"height:40px\" aria-hidden=\"true\" class=\"wp-block-spacer\"><\/div>\n<\/div>\n\n\n\n<div class=\"wp-block-group alignfull has-background has-global-padding is-layout-constrained wp-block-group-is-layout-constrained\" style=\"background-color:#f1f1f3\">\n<div class=\"wp-block-group has-global-padding is-layout-constrained wp-block-group-is-layout-constrained\" style=\"padding-top:var(--wp--preset--spacing--small);padding-bottom:var(--wp--preset--spacing--small)\">\n<div style=\"height:30px\" aria-hidden=\"true\" class=\"wp-block-spacer\"><\/div>\n\n\n\n<div class=\"wp-block-columns is-layout-flex wp-container-core-columns-is-layout-c375d253 wp-block-columns-is-layout-flex\">\n<div class=\"wp-block-column is-vertically-aligned-center is-layout-flow wp-block-column-is-layout-flow\">\n<h2 class=\"wp-block-heading has-medium-font-size\" style=\"text-transform:uppercase\">STUDIA I STOPNIA<\/h2>\n\n\n\n<p class=\"has-x-small-font-size\"><strong>Bezpiecze\u0144stwo narodowe i mi\u0119dzynarodowe<\/strong>&nbsp;to dynamicznie zmieniaj\u0105ce si\u0119 dyscypliny, kt\u00f3rych celem jest&nbsp;<strong>rozpoznawanie zagro\u017ce\u0144 oraz ich eliminowanie lub ograniczanie.<\/strong>&nbsp;Takie dzia\u0142ania maj\u0105 wp\u0142yw na los poszczeg\u00f3lnych ludzi, ca\u0142ych zbiorowisk czy pa\u0144stw. Do ich zrozumienia konieczna jest teoria oraz praktyka, kt\u00f3re mo\u017cna zdoby\u0107 na tym kierunku. <\/p>\n\n\n\n<p class=\"has-x-small-font-size\">Absolwent ma przed sob\u0105&nbsp;<strong>szerokie perspektywy zawodowe<\/strong>&nbsp;w organizacjach, instytucjach i s\u0142u\u017cbach zajmuj\u0105cych si\u0119 bezpiecze\u0144stwem. <\/p>\n\n\n\n<p class=\"has-x-small-font-size\">Jako student poznasz specyfik\u0119 polityki, historii politycznej i bezpiecze\u0144stwa Polski oraz r\u00f3\u017cnych pa\u0144stw. Dowiesz si\u0119 o dzia\u0142aniu s\u0142u\u017cb mundurowych, strategii, mocarstwach, wojnach, roli si\u0142 zbrojnych, s\u0142u\u017cb specjalnych, przest\u0119pczo\u015bci, wi\u0119ziennictwie, radykalnych ideologiach i sposobach ich zwalczania. <\/p>\n\n\n\n<p><\/p>\n<\/div>\n\n\n\n<div class=\"wp-block-column is-layout-flow wp-block-column-is-layout-flow\">\n<figure class=\"wp-block-image size-large\"><img loading=\"lazy\" decoding=\"async\" width=\"1024\" height=\"683\" src=\"https:\/\/bezpieczenstwo-nm.us.edu.pl\/wp-content\/uploads\/2024\/01\/book-2178586_1280-1024x683.jpg\" alt=\"\" class=\"wp-image-110\" srcset=\"https:\/\/bezpieczenstwo-nm.us.edu.pl\/wp-content\/uploads\/2024\/01\/book-2178586_1280-1024x683.jpg 1024w, https:\/\/bezpieczenstwo-nm.us.edu.pl\/wp-content\/uploads\/2024\/01\/book-2178586_1280-300x200.jpg 300w, https:\/\/bezpieczenstwo-nm.us.edu.pl\/wp-content\/uploads\/2024\/01\/book-2178586_1280.jpg 1280w\" sizes=\"auto, (max-width: 1024px) 100vw, 1024px\" \/><\/figure>\n<\/div>\n<\/div>\n\n\n\n<div style=\"height:30px\" aria-hidden=\"true\" class=\"wp-block-spacer\"><\/div>\n<\/div>\n<\/div>\n\n\n\n<div class=\"wp-block-group alignfull has-white-background-color has-background has-global-padding is-layout-constrained wp-block-group-is-layout-constrained\">\n<div class=\"wp-block-group has-white-background-color has-background has-global-padding is-layout-constrained wp-block-group-is-layout-constrained\" style=\"padding-top:var(--wp--preset--spacing--small);padding-bottom:var(--wp--preset--spacing--small)\">\n<div class=\"wp-block-columns are-vertically-aligned-center is-layout-flex wp-container-core-columns-is-layout-c375d253 wp-block-columns-is-layout-flex\">\n<div class=\"wp-block-column is-vertically-aligned-center is-layout-flow wp-block-column-is-layout-flow\">\n<figure class=\"wp-block-image size-large\"><img loading=\"lazy\" decoding=\"async\" width=\"1024\" height=\"682\" src=\"https:\/\/bezpieczenstwo-nm.us.edu.pl\/wp-content\/uploads\/2024\/01\/study-789631_1280-1024x682.jpg\" alt=\"\" class=\"wp-image-111\" srcset=\"https:\/\/bezpieczenstwo-nm.us.edu.pl\/wp-content\/uploads\/2024\/01\/study-789631_1280-1024x682.jpg 1024w, https:\/\/bezpieczenstwo-nm.us.edu.pl\/wp-content\/uploads\/2024\/01\/study-789631_1280-300x200.jpg 300w, https:\/\/bezpieczenstwo-nm.us.edu.pl\/wp-content\/uploads\/2024\/01\/study-789631_1280.jpg 1280w\" sizes=\"auto, (max-width: 1024px) 100vw, 1024px\" \/><\/figure>\n<\/div>\n\n\n\n<div class=\"wp-block-column is-vertically-aligned-center is-layout-flow wp-block-column-is-layout-flow\">\n<h2 class=\"wp-block-heading has-medium-font-size\" style=\"text-transform:uppercase\">STUDIA II STOPNIA<\/h2>\n\n\n\n<p class=\"has-x-small-font-size\">Jako student kierunku Bezpiecze\u0144stwo Narodowe i Mi\u0119dzynarodowe II stopnia staniesz si\u0119 specjalist\u0105 z szerokimi perspektywami zawodowymi.&nbsp;<\/p>\n\n\n\n<p class=\"has-x-small-font-size\"><strong>Nauczysz si\u0119 my\u015ble\u0107 analitycznie, identyfikowa\u0107 zagro\u017cenia i w\u0142a\u015bciwie reagowa\u0107<\/strong>. Poznasz tajniki system\u00f3w politycznych r\u00f3\u017cnych kraj\u00f3w i region\u00f3w, w tym RP, podstawy kryminologii i kryminalistyki, prawo wykrocze\u0144, propagandy i manipulacji, czynno\u015bci operacyjno-rozpoznawcze, podstawy dzia\u0142a\u0144 ratowniczych i ochrony ludno\u015bci, techniki pozyskiwania informacji z otwartych \u017ar\u00f3de\u0142, protok\u00f3\u0142 dyplomatyczny i savoir-vivre, s\u0142u\u017cb\u0119 po\u017carn\u0105, rodzaje broni i uzbrojenia. Poznasz tak\u017ce podstawy orientalistyki oraz j\u0119zyk arabski i chi\u0144ski. Ich znajomo\u015b\u0107 ma obecnie fundamentalne znaczenie dla rozumienia proces\u00f3w i zjawisk wp\u0142ywaj\u0105cych na bezpiecze\u0144stwo narodowe i mi\u0119dzynarodowe. Panuje te\u017c bardzo du\u017ce zapotrzebowanie na specjalist\u00f3w z dziedziny bezpiecze\u0144stwa posiadaj\u0105cych t\u0119 wiedz\u0119.<\/p>\n<\/div>\n<\/div>\n\n\n\n<div style=\"height:30px\" aria-hidden=\"true\" class=\"wp-block-spacer\"><\/div>\n<\/div>\n<\/div>\n\n\n\n<div class=\"wp-block-group alignfull pattern_multiple_covers has-background has-global-padding is-layout-constrained wp-block-group-is-layout-constrained\" id=\"services\" style=\"background-color:#f8f8f8\">\n<p><\/p>\n\n\n\n<p class=\"has-text-align-left has-secondary-color has-text-color\" style=\"letter-spacing:1px\">DO\u0141\u0104CZ DO NAS!<\/p>\n\n\n\n<h2 class=\"wp-block-heading has-text-align-left\">O kierunku<\/h2>\n\n\n\n<p class=\"has-text-align-left\">Dowiedz si\u0119, jakie perspektywy zawodowe oferuj\u0105 studia na kierunku Bezpiecze\u0144stwo Narodowe i Mi\u0119dzynarodowe, czym zajmuj\u0105 si\u0119 nasi absolwenci oraz co nas wyr\u00f3\u017cnia<\/p>\n\n\n\n<div style=\"height:30px\" aria-hidden=\"true\" class=\"wp-block-spacer\"><\/div>\n\n\n\n<div class=\"wp-block-columns is-layout-flex wp-container-core-columns-is-layout-28f84493 wp-block-columns-is-layout-flex\">\n<div class=\"wp-block-column is-layout-flow wp-block-column-is-layout-flow\" style=\"padding-top:0;padding-right:0;padding-bottom:0;padding-left:0\">\n<div class=\"wp-block-cover has-custom-content-position is-position-bottom-left\" style=\"padding-top:var(--wp--preset--spacing--small);padding-right:var(--wp--preset--spacing--x-small);padding-bottom:var(--wp--preset--spacing--small);padding-left:var(--wp--preset--spacing--x-small)\"><span aria-hidden=\"true\" class=\"wp-block-cover__background has-primary-background-color has-background-dim-70 has-background-dim\"><\/span><img loading=\"lazy\" decoding=\"async\" width=\"1280\" height=\"853\" class=\"wp-block-cover__image-background wp-image-37\" alt=\"\" src=\"https:\/\/bezpieczenstwo-nm.us.edu.pl\/wp-content\/uploads\/2024\/01\/notebook-2178656_1280.jpg\" data-object-fit=\"cover\" srcset=\"https:\/\/bezpieczenstwo-nm.us.edu.pl\/wp-content\/uploads\/2024\/01\/notebook-2178656_1280.jpg 1280w, https:\/\/bezpieczenstwo-nm.us.edu.pl\/wp-content\/uploads\/2024\/01\/notebook-2178656_1280-300x200.jpg 300w, https:\/\/bezpieczenstwo-nm.us.edu.pl\/wp-content\/uploads\/2024\/01\/notebook-2178656_1280-1024x682.jpg 1024w\" sizes=\"auto, (max-width: 1280px) 100vw, 1280px\" \/><div class=\"wp-block-cover__inner-container is-layout-flow wp-block-cover-is-layout-flow\">\n<h3 class=\"wp-block-heading has-white-color has-text-color has-medium-font-size\" style=\"margin-top:0;margin-right:0;margin-bottom:0;margin-left:0\">Perspektywy<br>zawodowe<\/h3>\n\n\n\n<p class=\"has-secondary-color has-text-color has-link-color wp-elements-8dd0c771cd9e883c3f83a900410fcf85\" style=\"margin-top:0;margin-right:0;margin-bottom:0;margin-left:0\"><a href=\"https:\/\/bezpieczenstwo-nm.us.edu.pl\/?page_id=46\" data-type=\"page\" data-id=\"46\">Wi\u0119cej informacji \u2192<\/a><\/p>\n<\/div><\/div>\n<\/div>\n\n\n\n<div class=\"wp-block-column is-layout-flow wp-block-column-is-layout-flow\" style=\"padding-top:0;padding-right:0;padding-bottom:0;padding-left:0\">\n<div class=\"wp-block-cover has-custom-content-position is-position-bottom-left\" style=\"padding-top:var(--wp--preset--spacing--small);padding-right:var(--wp--preset--spacing--x-small);padding-bottom:var(--wp--preset--spacing--small);padding-left:var(--wp--preset--spacing--x-small)\"><span aria-hidden=\"true\" class=\"wp-block-cover__background has-primary-background-color has-background-dim-70 has-background-dim\"><\/span><img loading=\"lazy\" decoding=\"async\" width=\"1280\" height=\"853\" class=\"wp-block-cover__image-background wp-image-38\" alt=\"\" src=\"https:\/\/bezpieczenstwo-nm.us.edu.pl\/wp-content\/uploads\/2024\/01\/student-849822_1280.jpg\" data-object-fit=\"cover\" srcset=\"https:\/\/bezpieczenstwo-nm.us.edu.pl\/wp-content\/uploads\/2024\/01\/student-849822_1280.jpg 1280w, https:\/\/bezpieczenstwo-nm.us.edu.pl\/wp-content\/uploads\/2024\/01\/student-849822_1280-300x200.jpg 300w, https:\/\/bezpieczenstwo-nm.us.edu.pl\/wp-content\/uploads\/2024\/01\/student-849822_1280-1024x682.jpg 1024w\" sizes=\"auto, (max-width: 1280px) 100vw, 1280px\" \/><div class=\"wp-block-cover__inner-container is-layout-flow wp-block-cover-is-layout-flow\">\n<h3 class=\"wp-block-heading has-white-color has-text-color has-medium-font-size\" style=\"margin-top:0;margin-right:0;margin-bottom:0;margin-left:0\">Nasi<br>absolwenci<\/h3>\n\n\n\n<p class=\"has-secondary-color has-text-color has-link-color wp-elements-89a2d55cb5b651e09eb690a43be22cd6\" style=\"margin-top:0;margin-right:0;margin-bottom:0;margin-left:0\"><a href=\"https:\/\/bezpieczenstwo-nm.us.edu.pl\/?page_id=48\" data-type=\"page\" data-id=\"48\">Wi\u0119cej informacji \u2192<\/a><\/p>\n<\/div><\/div>\n<\/div>\n\n\n\n<div class=\"wp-block-column is-layout-flow wp-block-column-is-layout-flow\" style=\"padding-top:0;padding-right:0;padding-bottom:0;padding-left:0\">\n<div class=\"wp-block-cover has-custom-content-position is-position-bottom-left\" style=\"padding-top:var(--wp--preset--spacing--small);padding-right:var(--wp--preset--spacing--x-small);padding-bottom:var(--wp--preset--spacing--small);padding-left:var(--wp--preset--spacing--x-small)\"><span aria-hidden=\"true\" class=\"wp-block-cover__background has-primary-background-color has-background-dim-70 has-background-dim\"><\/span><img loading=\"lazy\" decoding=\"async\" width=\"1280\" height=\"807\" class=\"wp-block-cover__image-background wp-image-39\" alt=\"\" src=\"https:\/\/bezpieczenstwo-nm.us.edu.pl\/wp-content\/uploads\/2024\/01\/teamwork-3213924_1280.jpg\" data-object-fit=\"cover\" srcset=\"https:\/\/bezpieczenstwo-nm.us.edu.pl\/wp-content\/uploads\/2024\/01\/teamwork-3213924_1280.jpg 1280w, https:\/\/bezpieczenstwo-nm.us.edu.pl\/wp-content\/uploads\/2024\/01\/teamwork-3213924_1280-300x189.jpg 300w, https:\/\/bezpieczenstwo-nm.us.edu.pl\/wp-content\/uploads\/2024\/01\/teamwork-3213924_1280-1024x646.jpg 1024w\" sizes=\"auto, (max-width: 1280px) 100vw, 1280px\" \/><div class=\"wp-block-cover__inner-container is-layout-flow wp-block-cover-is-layout-flow\">\n<h3 class=\"wp-block-heading has-white-color has-text-color has-medium-font-size\" style=\"margin-top:0;margin-right:0;margin-bottom:0;margin-left:0\">Wsp\u00f3\u0142praca<\/h3>\n\n\n\n<p class=\"has-secondary-color has-text-color has-link-color wp-elements-e04890f6df1bfaca475f877f6165b3ac\" style=\"margin-top:0;margin-right:0;margin-bottom:0;margin-left:0\"><a href=\"https:\/\/bezpieczenstwo-nm.us.edu.pl\/?page_id=50\" data-type=\"page\" data-id=\"50\">Wi\u0119cej informacji \u2192<\/a><\/p>\n<\/div><\/div>\n<\/div>\n<\/div>\n\n\n\n<div style=\"height:103px\" aria-hidden=\"true\" class=\"wp-block-spacer\"><\/div>\n<\/div>\n\n\n\n<div class=\"wp-block-cover alignfull has-parallax is-position-center-center\" style=\"border-radius:0px\"><span aria-hidden=\"true\" class=\"wp-block-cover__background has-black-background-color has-background-dim-70 has-background-dim\"><\/span><div role=\"img\" class=\"wp-block-cover__image-background wp-image-112 has-parallax\" style=\"background-position:50% 50%;background-image:url(https:\/\/bezpieczenstwo-nm.us.edu.pl\/wp-content\/uploads\/2024\/01\/IMG_2992-1-scaled.jpg)\"><\/div><div class=\"wp-block-cover__inner-container is-layout-flow wp-block-cover-is-layout-flow\">\n<div class=\"wp-block-group has-global-padding is-layout-constrained wp-block-group-is-layout-constrained\">\n<h3 class=\"wp-block-heading has-text-align-center has-text-color has-medium-font-size\" style=\"color:#fffffa;text-transform:uppercase\">WYDARZENIA<\/h3>\n\n\n\n<p class=\"has-text-align-center has-white-color has-text-color\">Dowiedz si\u0119, w jakich wydarzeniach bior\u0105 udzia\u0142 nasi studenci<\/p>\n\n\n\n<div style=\"height:31px\" aria-hidden=\"true\" class=\"wp-block-spacer\"><\/div>\n\n\n\n<div class=\"wp-block-buttons is-horizontal is-content-justification-center is-layout-flex wp-container-core-buttons-is-layout-03627597 wp-block-buttons-is-layout-flex\">\n<div class=\"wp-block-button is-style-outline is-style-outline--2\"><a class=\"wp-block-button__link has-white-color has-text-color wp-element-button\" href=\"https:\/\/bezpieczenstwo-nm.us.edu.pl\/?page_id=54\" style=\"border-radius:0px\">Wi\u0119cej<\/a><\/div>\n<\/div>\n<\/div>\n<\/div><\/div>\n\n\n\n<div id=\"news\" class=\"wp-block-group has-global-padding is-layout-constrained wp-block-group-is-layout-constrained\"><\/div>\n","protected":false},"excerpt":{"rendered":"<p>Studiuj Bezpiecze\u0144stwo Narodowe i Mi\u0119dzynarodowe Kierunek prowadzony jest na studiach\u00a0I stopnia i II stopnia w trybie\u00a0stacjonarnym\u00a0oraz\u00a0niestacjonarnym. G\u0142\u00f3wnym celem kierunku jest przygotowanie studenta do pracy w organizacjach, instytucjach i s\u0142u\u017cbach zajmuj\u0105cych si\u0119 szeroko poj\u0119tym bezpiecze\u0144stwem, obejmuj\u0105cym aspekty tak wewn\u0119trzne, narodowe jak i mi\u0119dzynarodowe. Jednocze\u015bnie zapewnia absolwentom podstawow\u0105 wiedz\u0119 i umiej\u0119tno\u015bci z zakresu nauk politycznych i stosunk\u00f3w &hellip; <\/p>\n<p class=\"link-more\"><a href=\"https:\/\/bezpieczenstwo-nm.us.edu.pl\/\" class=\"more-link\">Read more<span class=\"screen-reader-text\"> &#8222;Strona g\u0142\u00f3wna&#8221;<\/span><\/a><\/p>\n","protected":false},"author":1,"featured_media":0,"parent":0,"menu_order":0,"comment_status":"closed","ping_status":"closed","template":"page-templates\/homepage-no-hero.php","meta":{"footnotes":""},"class_list":["post-16","page","type-page","status-publish","hentry"],"_links":{"self":[{"href":"https:\/\/bezpieczenstwo-nm.us.edu.pl\/index.php?rest_route=\/wp\/v2\/pages\/16","targetHints":{"allow":["GET"]}}],"collection":[{"href":"https:\/\/bezpieczenstwo-nm.us.edu.pl\/index.php?rest_route=\/wp\/v2\/pages"}],"about":[{"href":"https:\/\/bezpieczenstwo-nm.us.edu.pl\/index.php?rest_route=\/wp\/v2\/types\/page"}],"author":[{"embeddable":true,"href":"https:\/\/bezpieczenstwo-nm.us.edu.pl\/index.php?rest_route=\/wp\/v2\/users\/1"}],"replies":[{"embeddable":true,"href":"https:\/\/bezpieczenstwo-nm.us.edu.pl\/index.php?rest_route=%2Fwp%2Fv2%2Fcomments&post=16"}],"version-history":[{"count":21,"href":"https:\/\/bezpieczenstwo-nm.us.edu.pl\/index.php?rest_route=\/wp\/v2\/pages\/16\/revisions"}],"predecessor-version":[{"id":174,"href":"https:\/\/bezpieczenstwo-nm.us.edu.pl\/index.php?rest_route=\/wp\/v2\/pages\/16\/revisions\/174"}],"wp:attachment":[{"href":"https:\/\/bezpieczenstwo-nm.us.edu.pl\/index.php?rest_route=%2Fwp%2Fv2%2Fmedia&parent=16"}],"curies":[{"name":"wp","href":"https:\/\/api.w.org\/{rel}","templated":true}]}}