{"id":162,"date":"2024-01-31T16:47:09","date_gmt":"2024-01-31T16:47:09","guid":{"rendered":"https:\/\/bezpieczenstwo-nm.us.edu.pl\/?page_id=162"},"modified":"2024-01-31T17:02:27","modified_gmt":"2024-01-31T17:02:27","slug":"rok-akademicki-2020-2021","status":"publish","type":"page","link":"https:\/\/bezpieczenstwo-nm.us.edu.pl\/?page_id=162","title":{"rendered":"Rok akademicki 2020\/2021"},"content":{"rendered":"\n<p><strong>W roku akademickim 2020\/2021:<\/strong><\/p>\n\n\n\n<ul class=\"wp-block-list\">\n<li><strong>Mi\u0119dzy 19 a 27 listopada 2020 roku studenci I roku Bezpiecze\u0144stwa Narodowego i Mi\u0119dzynarodowego wzi\u0119li udzia\u0142 w szkoleniach on-line nt. cyberbezpiecze\u0144stwa w ramach projektu <a href=\"https:\/\/www.facebook.com\/hashtag\/internetsafety?__eep__=6&amp;__cft__%5b0%5d=AZW3V-2eON7euc5RsgBcS2O6FUmClxDJNTe508u7PnNkMyyxjWV1GNlwJZUIAAika7CWFI1f6YL1yQIdl9bciSx1lhSam4gMwTfuM3oU7TVQj9hmK61zAbIO801QE-o476R7GRlcYJgXtjXPpL1RBksF8rnphapkeU6MmBIX2-YQQop-0eQhUBK5D8O8tXa-XLk&amp;__tn__=*NK-R\">#InternetSafety<\/a><\/strong> przeznaczonego dla mieszka\u0144c\u00f3w wojew\u00f3dztwa \u015bl\u0105skiego pomi\u0119dzy 18. a 34. rokiem \u017cycia. Realizatorem projektu by\u0142 Instytut Pracy i Edukacji<\/li>\n<\/ul>\n\n\n\n<p><a href=\"https:\/\/www.facebook.com\/BezpieczenstwoNM\/posts\/pfbid02LKuHK71jA5Whs9naSRF2ZbPncenZembZUJPkzXryjW34BqyEcymhVxXusEFcmRL7l\" target=\"_blank\" rel=\"noreferrer noopener\">https:\/\/www.facebook.com\/BezpieczenstwoNM\/posts\/pfbid02LKuHK71jA5Whs9naSRF2ZbPncenZembZUJPkzXryjW34BqyEcymhVxXusEFcmRL7l<\/a><\/p>\n\n\n\n<ul class=\"wp-block-list\">\n<li><strong>19 maja 2021 roku dr Thomas-Durell Young z Department of National Security Affairs, Naval Postgraduate School w Monterrey, Kalifornia zdalnie wyg\u0142osi\u0142 dla student\u00f3w wyk\u0142ad pt. \u201cHow to Defend Poland? Identifying Legacy and Institutional Impediments\u201d<\/strong><\/li>\n<\/ul>\n\n\n\n<p><a href=\"https:\/\/www.facebook.com\/BezpieczenstwoNM\/posts\/pfbid0Kz2YYgC1TwKAfeiMrs4H45RGmedv6JygJmzvH3hxq1DuVUUabvnPui7p9NipacV5l\" target=\"_blank\" rel=\"noreferrer noopener\">https:\/\/www.facebook.com\/BezpieczenstwoNM\/posts\/pfbid0Kz2YYgC1TwKAfeiMrs4H45RGmedv6JygJmzvH3hxq1DuVUUabvnPui7p9NipacV5l<\/a><\/p>\n\n\n\n<div class=\"wp-block-buttons is-content-justification-center is-layout-flex wp-container-core-buttons-is-layout-a89b3969 wp-block-buttons-is-layout-flex\">\n<div class=\"wp-block-button is-style-outline is-style-outline--1\"><a class=\"wp-block-button__link wp-element-button\" href=\"https:\/\/bezpieczenstwo-nm.us.edu.pl\/?page_id=54\">Powr\u00f3t<\/a><\/div>\n<\/div>\n\n\n\n<div style=\"height:100px\" aria-hidden=\"true\" class=\"wp-block-spacer\"><\/div>\n","protected":false},"excerpt":{"rendered":"<p>W roku akademickim 2020\/2021: https:\/\/www.facebook.com\/BezpieczenstwoNM\/posts\/pfbid02LKuHK71jA5Whs9naSRF2ZbPncenZembZUJPkzXryjW34BqyEcymhVxXusEFcmRL7l https:\/\/www.facebook.com\/BezpieczenstwoNM\/posts\/pfbid0Kz2YYgC1TwKAfeiMrs4H45RGmedv6JygJmzvH3hxq1DuVUUabvnPui7p9NipacV5l<\/p>\n","protected":false},"author":1,"featured_media":0,"parent":0,"menu_order":0,"comment_status":"closed","ping_status":"closed","template":"","meta":{"footnotes":""},"class_list":["post-162","page","type-page","status-publish","hentry"],"_links":{"self":[{"href":"https:\/\/bezpieczenstwo-nm.us.edu.pl\/index.php?rest_route=\/wp\/v2\/pages\/162","targetHints":{"allow":["GET"]}}],"collection":[{"href":"https:\/\/bezpieczenstwo-nm.us.edu.pl\/index.php?rest_route=\/wp\/v2\/pages"}],"about":[{"href":"https:\/\/bezpieczenstwo-nm.us.edu.pl\/index.php?rest_route=\/wp\/v2\/types\/page"}],"author":[{"embeddable":true,"href":"https:\/\/bezpieczenstwo-nm.us.edu.pl\/index.php?rest_route=\/wp\/v2\/users\/1"}],"replies":[{"embeddable":true,"href":"https:\/\/bezpieczenstwo-nm.us.edu.pl\/index.php?rest_route=%2Fwp%2Fv2%2Fcomments&post=162"}],"version-history":[{"count":2,"href":"https:\/\/bezpieczenstwo-nm.us.edu.pl\/index.php?rest_route=\/wp\/v2\/pages\/162\/revisions"}],"predecessor-version":[{"id":168,"href":"https:\/\/bezpieczenstwo-nm.us.edu.pl\/index.php?rest_route=\/wp\/v2\/pages\/162\/revisions\/168"}],"wp:attachment":[{"href":"https:\/\/bezpieczenstwo-nm.us.edu.pl\/index.php?rest_route=%2Fwp%2Fv2%2Fmedia&parent=162"}],"curies":[{"name":"wp","href":"https:\/\/api.w.org\/{rel}","templated":true}]}}