{"id":164,"date":"2024-01-31T17:00:43","date_gmt":"2024-01-31T17:00:43","guid":{"rendered":"https:\/\/bezpieczenstwo-nm.us.edu.pl\/?page_id=164"},"modified":"2024-01-31T17:02:57","modified_gmt":"2024-01-31T17:02:57","slug":"rok-akademicki-2022-2023","status":"publish","type":"page","link":"https:\/\/bezpieczenstwo-nm.us.edu.pl\/?page_id=164","title":{"rendered":"Rok akademicki 2022\/2023"},"content":{"rendered":"\n<p><strong>W roku akademickim 2022\/2023:<\/strong><\/p>\n\n\n\n<ul class=\"wp-block-list\">\n<li><strong>21 marca 2023 roku studenci BNiM wzi\u0119li udzia\u0142 w szkoleniu \u201eCBA i dzia\u0142ania antykorupcyjne \u2013 wprowadzenie do tematu oraz analiza mechanizm\u00f3w korupcyjnych\u201d<\/strong><\/li>\n<\/ul>\n\n\n\n<ul class=\"wp-block-list\">\n<li><strong>4 kwietnia 2023 roku studenci Bezpiecze\u0144stwa Narodowego i Mi\u0119dzynarodowego uczestniczyli w szkoleniu \u201eMechanizmy korupcjogenne i korupcyjne w \u015brodowisku samorz\u0105dowych elity politycznych jako wyzwanie dla dzia\u0142a\u0144 CBA\u201d<\/strong><\/li>\n<\/ul>\n\n\n\n<ul class=\"wp-block-list\">\n<li><strong>18 kwietnia 2023 roku przeprowadzone zosta\u0142o szkolenie \u201ePrzest\u0119pstwo nadu\u017cycia zaufania\/niegospodarno\u015bci na podstawie art. 296 kk\u201d<\/strong><\/li>\n<\/ul>\n\n\n\n<ul class=\"wp-block-list\">\n<li><strong>18 kwietnia 2023 roku studenci kierunk\u00f3w politologicznych uczestniczyli w wyk\u0142adzie pt. \u201eEuropean Images, Issues, and Messages in the 2022 Parliamentary Elections in Hungary\u201d<\/strong>, kt\u00f3ry wyg\u0142osi\u0142a prof. Bogl\u00e1rki Koller z University of Public Service w Budapeszcie<\/li>\n<\/ul>\n\n\n\n<p><a href=\"https:\/\/www.facebook.com\/BezpieczenstwoNM\/posts\/pfbid02F6qv2hd8vy7pQpJERPMbfL9MLmU9CmgYktJCMevRDVVMUhNExKrpGW9oXpaE8ieel\" target=\"_blank\" rel=\"noreferrer noopener\">https:\/\/www.facebook.com\/BezpieczenstwoNM\/posts\/pfbid02F6qv2hd8vy7pQpJERPMbfL9MLmU9CmgYktJCMevRDVVMUhNExKrpGW9oXpaE8ieel<\/a><\/p>\n\n\n\n<ul class=\"wp-block-list\">\n<li><strong>2 czerwca roku studenci II roku kierunku Bezpiecze\u0144stwo narodowe i mi\u0119dzynarodowe zrealizowali pod opiek\u0105 p\u0142ka dra W\u0142odzimierza W\u0105tora planow\u0105 wizyt\u0119 studyjn\u0105 w 5 Pu\u0142ku Chemicznym <\/strong>im. gen. broni Leona Berbeckiego w Tarnowskich G\u00f3rach<\/li>\n<\/ul>\n\n\n\n<p><a href=\"https:\/\/www.facebook.com\/BezpieczenstwoNM\/posts\/pfbid0hBJ9PuVDCEEHZLieqAd19oAPGPZt3pDpnHtjkFdptCA5VKNBZHjUSeoNcmTQtRKZl\" target=\"_blank\" rel=\"noreferrer noopener\">https:\/\/www.facebook.com\/BezpieczenstwoNM\/posts\/pfbid0hBJ9PuVDCEEHZLieqAd19oAPGPZt3pDpnHtjkFdptCA5VKNBZHjUSeoNcmTQtRKZl<\/a><\/p>\n\n\n\n<div class=\"wp-block-buttons is-content-justification-center is-layout-flex wp-container-core-buttons-is-layout-a89b3969 wp-block-buttons-is-layout-flex\">\n<div class=\"wp-block-button is-style-outline is-style-outline--1\"><a class=\"wp-block-button__link wp-element-button\" href=\"https:\/\/bezpieczenstwo-nm.us.edu.pl\/?page_id=54\">Powr\u00f3t<\/a><\/div>\n<\/div>\n\n\n\n<div style=\"height:100px\" aria-hidden=\"true\" class=\"wp-block-spacer\"><\/div>\n","protected":false},"excerpt":{"rendered":"<p>W roku akademickim 2022\/2023: https:\/\/www.facebook.com\/BezpieczenstwoNM\/posts\/pfbid02F6qv2hd8vy7pQpJERPMbfL9MLmU9CmgYktJCMevRDVVMUhNExKrpGW9oXpaE8ieel https:\/\/www.facebook.com\/BezpieczenstwoNM\/posts\/pfbid0hBJ9PuVDCEEHZLieqAd19oAPGPZt3pDpnHtjkFdptCA5VKNBZHjUSeoNcmTQtRKZl<\/p>\n","protected":false},"author":1,"featured_media":0,"parent":0,"menu_order":0,"comment_status":"closed","ping_status":"closed","template":"","meta":{"footnotes":""},"class_list":["post-164","page","type-page","status-publish","hentry"],"_links":{"self":[{"href":"https:\/\/bezpieczenstwo-nm.us.edu.pl\/index.php?rest_route=\/wp\/v2\/pages\/164","targetHints":{"allow":["GET"]}}],"collection":[{"href":"https:\/\/bezpieczenstwo-nm.us.edu.pl\/index.php?rest_route=\/wp\/v2\/pages"}],"about":[{"href":"https:\/\/bezpieczenstwo-nm.us.edu.pl\/index.php?rest_route=\/wp\/v2\/types\/page"}],"author":[{"embeddable":true,"href":"https:\/\/bezpieczenstwo-nm.us.edu.pl\/index.php?rest_route=\/wp\/v2\/users\/1"}],"replies":[{"embeddable":true,"href":"https:\/\/bezpieczenstwo-nm.us.edu.pl\/index.php?rest_route=%2Fwp%2Fv2%2Fcomments&post=164"}],"version-history":[{"count":2,"href":"https:\/\/bezpieczenstwo-nm.us.edu.pl\/index.php?rest_route=\/wp\/v2\/pages\/164\/revisions"}],"predecessor-version":[{"id":169,"href":"https:\/\/bezpieczenstwo-nm.us.edu.pl\/index.php?rest_route=\/wp\/v2\/pages\/164\/revisions\/169"}],"wp:attachment":[{"href":"https:\/\/bezpieczenstwo-nm.us.edu.pl\/index.php?rest_route=%2Fwp%2Fv2%2Fmedia&parent=164"}],"curies":[{"name":"wp","href":"https:\/\/api.w.org\/{rel}","templated":true}]}}