{"id":48,"date":"2024-01-31T10:21:08","date_gmt":"2024-01-31T10:21:08","guid":{"rendered":"https:\/\/bezpieczenstwo-nm.us.edu.pl\/?page_id=48"},"modified":"2024-01-31T10:42:10","modified_gmt":"2024-01-31T10:42:10","slug":"nasi-absolwenci","status":"publish","type":"page","link":"https:\/\/bezpieczenstwo-nm.us.edu.pl\/?page_id=48","title":{"rendered":"Nasi absolwenci"},"content":{"rendered":"\n<p>Uzyskane przez absolwent\u00f3w umiej\u0119tno\u015bci, dzi\u0119ki po\u0142\u0105czeniu aspekt\u00f3w teoretycznych i praktycznych, zapewniaj\u0105 wielowymiarowe przygotowanie do pe\u0142nionych w przysz\u0142o\u015bci obowi\u0105zk\u00f3w w ramach pracy zawodowej.<\/p>\n\n\n\n<p>Nasi absolwenci znajduj\u0105 prac\u0119 w:<\/p>\n\n\n\n<ul class=\"wp-block-list\">\n<li>organizacjach rz\u0105dowych i pozarz\u0105dowych, kt\u00f3rych dzia\u0142alno\u015b\u0107 obejmuje sfer\u0119 bezpiecze\u0144stwa narodowego i mi\u0119dzynarodowego,<\/li>\n\n\n\n<li>s\u0142u\u017cbach mundurowych,<\/li>\n\n\n\n<li>administracji publicznej,<\/li>\n\n\n\n<li>partiach politycznych,<\/li>\n\n\n\n<li>przedsi\u0119biorstwach dzia\u0142aj\u0105cych na rynkach mi\u0119dzynarodowych,<\/li>\n\n\n\n<li>\u015brodkach masowego przekazu,<\/li>\n\n\n\n<li>\u015brodkach badawczych zajmuj\u0105cych si\u0119 bezpiecze\u0144stwem,<\/li>\n\n\n\n<li>zespo\u0142ach reagowania kryzysowego.<\/li>\n<\/ul>\n\n\n\n<div style=\"height:100px\" aria-hidden=\"true\" class=\"wp-block-spacer\"><\/div>\n","protected":false},"excerpt":{"rendered":"<p>Uzyskane przez absolwent\u00f3w umiej\u0119tno\u015bci, dzi\u0119ki po\u0142\u0105czeniu aspekt\u00f3w teoretycznych i praktycznych, zapewniaj\u0105 wielowymiarowe przygotowanie do pe\u0142nionych w przysz\u0142o\u015bci obowi\u0105zk\u00f3w w ramach pracy zawodowej. Nasi absolwenci znajduj\u0105 prac\u0119 w:<\/p>\n","protected":false},"author":1,"featured_media":0,"parent":0,"menu_order":0,"comment_status":"closed","ping_status":"closed","template":"","meta":{"footnotes":""},"class_list":["post-48","page","type-page","status-publish","hentry"],"_links":{"self":[{"href":"https:\/\/bezpieczenstwo-nm.us.edu.pl\/index.php?rest_route=\/wp\/v2\/pages\/48","targetHints":{"allow":["GET"]}}],"collection":[{"href":"https:\/\/bezpieczenstwo-nm.us.edu.pl\/index.php?rest_route=\/wp\/v2\/pages"}],"about":[{"href":"https:\/\/bezpieczenstwo-nm.us.edu.pl\/index.php?rest_route=\/wp\/v2\/types\/page"}],"author":[{"embeddable":true,"href":"https:\/\/bezpieczenstwo-nm.us.edu.pl\/index.php?rest_route=\/wp\/v2\/users\/1"}],"replies":[{"embeddable":true,"href":"https:\/\/bezpieczenstwo-nm.us.edu.pl\/index.php?rest_route=%2Fwp%2Fv2%2Fcomments&post=48"}],"version-history":[{"count":4,"href":"https:\/\/bezpieczenstwo-nm.us.edu.pl\/index.php?rest_route=\/wp\/v2\/pages\/48\/revisions"}],"predecessor-version":[{"id":82,"href":"https:\/\/bezpieczenstwo-nm.us.edu.pl\/index.php?rest_route=\/wp\/v2\/pages\/48\/revisions\/82"}],"wp:attachment":[{"href":"https:\/\/bezpieczenstwo-nm.us.edu.pl\/index.php?rest_route=%2Fwp%2Fv2%2Fmedia&parent=48"}],"curies":[{"name":"wp","href":"https:\/\/api.w.org\/{rel}","templated":true}]}}