{"id":52,"date":"2024-01-31T10:21:35","date_gmt":"2024-01-31T10:21:35","guid":{"rendered":"https:\/\/bezpieczenstwo-nm.us.edu.pl\/?page_id=52"},"modified":"2024-01-31T10:33:39","modified_gmt":"2024-01-31T10:33:39","slug":"rekrutacja","status":"publish","type":"page","link":"https:\/\/bezpieczenstwo-nm.us.edu.pl\/?page_id=52","title":{"rendered":"Rekrutacja"},"content":{"rendered":"\n<p>Wszelkie informacje dotycz\u0105ce rekrutacji na studia na Uniwersytecie \u015al\u0105skim s\u0105 dost\u0119pne na stronie internetowej:<\/p>\n\n\n\n<p><a href=\"http:\/\/us.edu.pl\/kandydat\/\" target=\"_blank\" rel=\"noreferrer noopener\">us.edu.pl\/kandydat\/<\/a><\/p>\n\n\n\n<div style=\"height:100px\" aria-hidden=\"true\" class=\"wp-block-spacer\"><\/div>\n","protected":false},"excerpt":{"rendered":"<p>Wszelkie informacje dotycz\u0105ce rekrutacji na studia na Uniwersytecie \u015al\u0105skim s\u0105 dost\u0119pne na stronie internetowej: us.edu.pl\/kandydat\/<\/p>\n","protected":false},"author":1,"featured_media":0,"parent":0,"menu_order":0,"comment_status":"closed","ping_status":"closed","template":"","meta":{"footnotes":""},"class_list":["post-52","page","type-page","status-publish","hentry"],"_links":{"self":[{"href":"https:\/\/bezpieczenstwo-nm.us.edu.pl\/index.php?rest_route=\/wp\/v2\/pages\/52","targetHints":{"allow":["GET"]}}],"collection":[{"href":"https:\/\/bezpieczenstwo-nm.us.edu.pl\/index.php?rest_route=\/wp\/v2\/pages"}],"about":[{"href":"https:\/\/bezpieczenstwo-nm.us.edu.pl\/index.php?rest_route=\/wp\/v2\/types\/page"}],"author":[{"embeddable":true,"href":"https:\/\/bezpieczenstwo-nm.us.edu.pl\/index.php?rest_route=\/wp\/v2\/users\/1"}],"replies":[{"embeddable":true,"href":"https:\/\/bezpieczenstwo-nm.us.edu.pl\/index.php?rest_route=%2Fwp%2Fv2%2Fcomments&post=52"}],"version-history":[{"count":4,"href":"https:\/\/bezpieczenstwo-nm.us.edu.pl\/index.php?rest_route=\/wp\/v2\/pages\/52\/revisions"}],"predecessor-version":[{"id":73,"href":"https:\/\/bezpieczenstwo-nm.us.edu.pl\/index.php?rest_route=\/wp\/v2\/pages\/52\/revisions\/73"}],"wp:attachment":[{"href":"https:\/\/bezpieczenstwo-nm.us.edu.pl\/index.php?rest_route=%2Fwp%2Fv2%2Fmedia&parent=52"}],"curies":[{"name":"wp","href":"https:\/\/api.w.org\/{rel}","templated":true}]}}