{"id":56,"date":"2024-01-31T10:22:04","date_gmt":"2024-01-31T10:22:04","guid":{"rendered":"https:\/\/bezpieczenstwo-nm.us.edu.pl\/?page_id=56"},"modified":"2024-01-31T13:33:53","modified_gmt":"2024-01-31T13:33:53","slug":"kontakt","status":"publish","type":"page","link":"https:\/\/bezpieczenstwo-nm.us.edu.pl\/?page_id=56","title":{"rendered":"Kontakt"},"content":{"rendered":"\n<p><strong>Uniwersytet \u015al\u0105ski w Katowicach<br><\/strong><strong>Wydzia\u0142 Nauk Spo\u0142ecznych<\/strong><\/p>\n\n\n\n<p>ul. Bankowa 11<br>40-007 Katowice<\/p>\n\n\n\n<p>bezpieczenstwo-nm [at] us.edu.pl<br><a href=\"https:\/\/www.facebook.com\/BezpieczenstwoNM\" target=\"_blank\" rel=\"noreferrer noopener\">facebook.com\/BezpieczenstwoNM<\/a><\/p>\n\n\n\n<div style=\"height:100px\" aria-hidden=\"true\" class=\"wp-block-spacer\"><\/div>\n","protected":false},"excerpt":{"rendered":"<p>Uniwersytet \u015al\u0105ski w KatowicachWydzia\u0142 Nauk Spo\u0142ecznych ul. Bankowa 1140-007 Katowice bezpieczenstwo-nm [at] us.edu.plfacebook.com\/BezpieczenstwoNM<\/p>\n","protected":false},"author":1,"featured_media":0,"parent":0,"menu_order":0,"comment_status":"closed","ping_status":"closed","template":"","meta":{"footnotes":""},"class_list":["post-56","page","type-page","status-publish","hentry"],"_links":{"self":[{"href":"https:\/\/bezpieczenstwo-nm.us.edu.pl\/index.php?rest_route=\/wp\/v2\/pages\/56","targetHints":{"allow":["GET"]}}],"collection":[{"href":"https:\/\/bezpieczenstwo-nm.us.edu.pl\/index.php?rest_route=\/wp\/v2\/pages"}],"about":[{"href":"https:\/\/bezpieczenstwo-nm.us.edu.pl\/index.php?rest_route=\/wp\/v2\/types\/page"}],"author":[{"embeddable":true,"href":"https:\/\/bezpieczenstwo-nm.us.edu.pl\/index.php?rest_route=\/wp\/v2\/users\/1"}],"replies":[{"embeddable":true,"href":"https:\/\/bezpieczenstwo-nm.us.edu.pl\/index.php?rest_route=%2Fwp%2Fv2%2Fcomments&post=56"}],"version-history":[{"count":3,"href":"https:\/\/bezpieczenstwo-nm.us.edu.pl\/index.php?rest_route=\/wp\/v2\/pages\/56\/revisions"}],"predecessor-version":[{"id":116,"href":"https:\/\/bezpieczenstwo-nm.us.edu.pl\/index.php?rest_route=\/wp\/v2\/pages\/56\/revisions\/116"}],"wp:attachment":[{"href":"https:\/\/bezpieczenstwo-nm.us.edu.pl\/index.php?rest_route=%2Fwp%2Fv2%2Fmedia&parent=56"}],"curies":[{"name":"wp","href":"https:\/\/api.w.org\/{rel}","templated":true}]}}